{"id":10874,"date":"2023-09-12T15:53:43","date_gmt":"2023-09-12T15:53:43","guid":{"rendered":"https:\/\/hoehler-partner.de\/muenchen"},"modified":"2023-09-12T15:53:43","modified_gmt":"2023-09-12T15:53:43","slug":"muenchen","status":"publish","type":"page","link":"https:\/\/hoehler-partner.de\/en\/muenchen","title":{"rendered":"M\u00fcnchen"},"content":{"rendered":"\t\t<div data-elementor-type=\"wp-page\" data-elementor-id=\"10874\" class=\"elementor elementor-10874 elementor-6456\" data-elementor-post-type=\"page\">\n\t\t\t\t<div class=\"elementor-element elementor-element-3e046e5 e-con-full e-flex e-con e-parent\" data-id=\"3e046e5\" data-element_type=\"container\" data-settings=\"{&quot;background_background&quot;:&quot;classic&quot;}\" data-core-v316-plus=\"true\">\n\t\t<div class=\"elementor-element elementor-element-a30e0a7 e-con-full e-flex e-con e-parent\" data-id=\"a30e0a7\" data-element_type=\"container\" data-settings=\"{&quot;background_background&quot;:&quot;classic&quot;}\" data-core-v316-plus=\"true\">\n\t\t\t\t<\/div>\n\t\t<div class=\"elementor-element elementor-element-3e7f4c9 e-con-full e-flex e-con e-parent\" data-id=\"3e7f4c9\" data-element_type=\"container\" data-settings=\"{&quot;background_background&quot;:&quot;classic&quot;}\" data-core-v316-plus=\"true\">\n\t\t<div class=\"elementor-element elementor-element-02638ac e-con-full e-flex e-con e-parent\" data-id=\"02638ac\" data-element_type=\"container\" data-core-v316-plus=\"true\">\n\t\t<div class=\"elementor-element elementor-element-2e913c8 e-con-full e-flex e-con e-parent\" data-id=\"2e913c8\" data-element_type=\"container\" data-core-v316-plus=\"true\">\n\t\t\t\t<\/div>\n\t\t<div class=\"elementor-element elementor-element-cf9f375 e-con-full e-flex e-con e-parent\" data-id=\"cf9f375\" data-element_type=\"container\" data-settings=\"{&quot;background_background&quot;:&quot;classic&quot;}\" data-core-v316-plus=\"true\">\n\t\t\t\t<div class=\"elementor-element elementor-element-890299d elementor-invisible elementor-widget elementor-widget-heading\" data-id=\"890299d\" data-element_type=\"widget\" data-settings=\"{&quot;_animation&quot;:&quot;fadeInUp&quot;}\" data-widget_type=\"heading.default\">\n\t\t\t\t<div class=\"elementor-widget-container\">\n\t\t\t<style>\/*! elementor - v3.20.0 - 26-03-2024 *\/\n.elementor-heading-title{padding:0;margin:0;line-height:1}.elementor-widget-heading .elementor-heading-title[class*=elementor-size-]>a{color:inherit;font-size:inherit;line-height:inherit}.elementor-widget-heading .elementor-heading-title.elementor-size-small{font-size:15px}.elementor-widget-heading .elementor-heading-title.elementor-size-medium{font-size:19px}.elementor-widget-heading .elementor-heading-title.elementor-size-large{font-size:29px}.elementor-widget-heading .elementor-heading-title.elementor-size-xl{font-size:39px}.elementor-widget-heading .elementor-heading-title.elementor-size-xxl{font-size:59px}<\/style><h1 class=\"elementor-heading-title elementor-size-default\">M\u00fcnchen<\/h1>\t\t<\/div>\n\t\t\t\t<\/div>\n\t\t\t\t<\/div>\n\t\t\t\t<\/div>\n\t\t<div class=\"elementor-element elementor-element-1cbacd8 e-con-full e-flex e-con e-parent\" data-id=\"1cbacd8\" data-element_type=\"container\" data-core-v316-plus=\"true\">\n\t\t\t\t<\/div>\n\t\t\t\t<\/div>\n\t\t\t\t<\/div>\n\t\t<div class=\"elementor-element elementor-element-c0384dd e-con-full e-flex e-con e-parent\" data-id=\"c0384dd\" data-element_type=\"container\" data-settings=\"{&quot;background_background&quot;:&quot;classic&quot;}\" data-core-v316-plus=\"true\">\n\t\t<div class=\"elementor-element elementor-element-4fb5b91 e-con-full e-flex e-con e-parent\" data-id=\"4fb5b91\" data-element_type=\"container\" data-core-v316-plus=\"true\">\n\t\t<div class=\"elementor-element elementor-element-836d470 e-con-full e-flex e-con e-parent\" data-id=\"836d470\" data-element_type=\"container\" data-core-v316-plus=\"true\">\n\t\t<div class=\"elementor-element elementor-element-050eed2 e-con-full e-flex e-con e-parent\" data-id=\"050eed2\" data-element_type=\"container\" data-core-v316-plus=\"true\">\n\t\t\t\t<div class=\"elementor-element elementor-element-05e0642 elementor-widget elementor-widget-image\" data-id=\"05e0642\" data-element_type=\"widget\" data-widget_type=\"image.default\">\n\t\t\t\t<div class=\"elementor-widget-container\">\n\t\t\t<style>\/*! elementor - v3.20.0 - 26-03-2024 *\/\n.elementor-widget-image{text-align:center}.elementor-widget-image a{display:inline-block}.elementor-widget-image a img[src$=\".svg\"]{width:48px}.elementor-widget-image img{vertical-align:middle;display:inline-block}<\/style>\t\t\t\t\t\t\t\t\t\t<img fetchpriority=\"high\" decoding=\"async\" width=\"1400\" height=\"1791\" src=\"https:\/\/hoehler-partner.de\/wp-content\/uploads\/2023\/10\/Muenchen-Aussen-Web.jpg\" class=\"attachment-full size-full wp-image-6629\" alt=\"\" srcset=\"https:\/\/hoehler-partner.de\/wp-content\/uploads\/2023\/10\/Muenchen-Aussen-Web.jpg 1400w, https:\/\/hoehler-partner.de\/wp-content\/uploads\/2023\/10\/Muenchen-Aussen-Web-235x300.jpg 235w, https:\/\/hoehler-partner.de\/wp-content\/uploads\/2023\/10\/Muenchen-Aussen-Web-800x1024.jpg 800w, https:\/\/hoehler-partner.de\/wp-content\/uploads\/2023\/10\/Muenchen-Aussen-Web-768x982.jpg 768w, https:\/\/hoehler-partner.de\/wp-content\/uploads\/2023\/10\/Muenchen-Aussen-Web-1201x1536.jpg 1201w\" sizes=\"(max-width: 1400px) 100vw, 1400px\" \/>\t\t\t\t\t\t\t\t\t\t\t\t\t<\/div>\n\t\t\t\t<\/div>\n\t\t\t\t<\/div>\n\t\t\t\t<\/div>\n\t\t<div class=\"elementor-element elementor-element-f94dd26 e-con-full e-flex e-con e-parent\" data-id=\"f94dd26\" data-element_type=\"container\" data-settings=\"{&quot;background_background&quot;:&quot;classic&quot;}\" data-core-v316-plus=\"true\">\n\t\t\t\t<\/div>\n\t\t<div class=\"elementor-element elementor-element-661dd79 e-con-full e-flex e-con e-parent\" data-id=\"661dd79\" data-element_type=\"container\" data-core-v316-plus=\"true\">\n\t\t<div class=\"elementor-element elementor-element-bd3ecce e-con-full e-flex e-con e-parent\" data-id=\"bd3ecce\" data-element_type=\"container\" data-core-v316-plus=\"true\">\n\t\t<div class=\"elementor-element elementor-element-9bb55fc e-con-full e-flex e-con e-parent\" data-id=\"9bb55fc\" data-element_type=\"container\" data-core-v316-plus=\"true\">\n\t\t\t\t<div class=\"elementor-element elementor-element-4fb5872 elementor-widget elementor-widget-text-editor\" data-id=\"4fb5872\" data-element_type=\"widget\" data-widget_type=\"text-editor.default\">\n\t\t\t\t<div class=\"elementor-widget-container\">\n\t\t\t<style>\/*! elementor - v3.20.0 - 26-03-2024 *\/\n.elementor-widget-text-editor.elementor-drop-cap-view-stacked .elementor-drop-cap{background-color:#69727d;color:#fff}.elementor-widget-text-editor.elementor-drop-cap-view-framed .elementor-drop-cap{color:#69727d;border:3px solid;background-color:transparent}.elementor-widget-text-editor:not(.elementor-drop-cap-view-default) .elementor-drop-cap{margin-top:8px}.elementor-widget-text-editor:not(.elementor-drop-cap-view-default) .elementor-drop-cap-letter{width:1em;height:1em}.elementor-widget-text-editor .elementor-drop-cap{float:left;text-align:center;line-height:1;font-size:50px}.elementor-widget-text-editor .elementor-drop-cap-letter{display:inline-block}<\/style>\t\t\t\t<p>H\u00f6hler+Partner M\u00fcnchen<br \/>Ismaninger Stra\u00dfe 57<br \/>81675 M\u00fcnchen<\/p>\t\t\t\t\t\t<\/div>\n\t\t\t\t<\/div>\n\t\t\t\t<\/div>\n\t\t<div class=\"elementor-element elementor-element-82eaf00 e-con-full e-flex e-con e-parent\" data-id=\"82eaf00\" data-element_type=\"container\" data-core-v316-plus=\"true\">\n\t\t\t\t<div class=\"elementor-element elementor-element-063afb3 elementor-icon-list--layout-traditional elementor-list-item-link-full_width elementor-widget elementor-widget-icon-list\" data-id=\"063afb3\" data-element_type=\"widget\" data-widget_type=\"icon-list.default\">\n\t\t\t\t<div class=\"elementor-widget-container\">\n\t\t\t<link rel=\"stylesheet\" href=\"https:\/\/hoehler-partner.de\/wp-content\/plugins\/elementor\/assets\/css\/widget-icon-list.min.css\">\t\t<ul class=\"elementor-icon-list-items\">\n\t\t\t\t\t\t\t<li class=\"elementor-icon-list-item\">\n\t\t\t\t\t\t\t\t\t\t\t<a href=\"mailto:muenchen@hoehler-partner.de\">\n\n\t\t\t\t\t\t\t\t\t\t\t\t<span class=\"elementor-icon-list-icon\">\n\t\t\t\t\t\t\t<svg xmlns=\"http:\/\/www.w3.org\/2000\/svg\" fill=\"#000000\" viewBox=\"0 0 50 50\" width=\"50px\" height=\"50px\"><path d=\"M 0 7 L 0 9.78125 C 3.011719 12.402344 20.289063 27.464844 21.65625 28.65625 C 23.0625 29.882813 24.464844 30 25 30 C 25.535156 30 26.9375 29.882813 28.34375 28.65625 C 29.761719 27.421875 48.046875 11.480469 50 9.78125 L 50 7 Z M 0 12.4375 L 0 37.53125 L 15.125 25.59375 C 10.222656 21.328125 3.230469 15.25 0 12.4375 Z M 50 12.4375 C 46.949219 15.09375 39.847656 21.265625 34.875 25.59375 L 50 37.5 Z M 16.65625 26.9375 L 0 40.0625 L 0 43 L 50 43 L 50 40.03125 L 33.34375 26.9375 C 31.40625 28.625 30.011719 29.847656 29.65625 30.15625 C 27.738281 31.824219 25.757813 32 25 32 C 24.242188 32 22.261719 31.828125 20.34375 30.15625 C 19.992188 29.851563 18.597656 28.628906 16.65625 26.9375 Z\"><\/path><\/svg>\t\t\t\t\t\t<\/span>\n\t\t\t\t\t\t\t\t\t\t<span class=\"elementor-icon-list-text\">muenchen@hoehler-partner.de<\/span>\n\t\t\t\t\t\t\t\t\t\t\t<\/a>\n\t\t\t\t\t\t\t\t\t<\/li>\n\t\t\t\t\t\t\t\t<li class=\"elementor-icon-list-item\">\n\t\t\t\t\t\t\t\t\t\t\t<a href=\"tel:004989244103740\">\n\n\t\t\t\t\t\t\t\t\t\t\t\t<span class=\"elementor-icon-list-icon\">\n\t\t\t\t\t\t\t<svg xmlns=\"http:\/\/www.w3.org\/2000\/svg\" fill=\"#000000\" viewBox=\"0 0 50 50\" width=\"100px\" height=\"100px\"><path d=\"M 39.03125 47 C 39.015625 47 39 47 38.984375 47 C 31.46875 46.753906 22.664063 39.46875 16.597656 33.398438 C 10.523438 27.328125 3.238281 18.519531 3.003906 11.039063 C 2.917969 8.414063 9.359375 3.746094 9.425781 3.699219 C 11.097656 2.535156 12.953125 2.949219 13.714844 4.003906 C 14.230469 4.71875 19.113281 12.117188 19.644531 12.957031 C 20.195313 13.828125 20.113281 15.125 19.425781 16.425781 C 19.046875 17.148438 17.789063 19.359375 17.199219 20.390625 C 17.835938 21.296875 19.519531 23.519531 22.996094 26.996094 C 26.476563 30.472656 28.695313 32.160156 29.605469 32.796875 C 30.636719 32.207031 32.847656 30.949219 33.570313 30.570313 C 34.851563 29.890625 36.140625 29.804688 37.019531 30.34375 C 37.917969 30.894531 45.296875 35.800781 45.976563 36.273438 C 46.546875 36.675781 46.914063 37.363281 46.988281 38.164063 C 47.058594 38.972656 46.808594 39.828125 46.289063 40.574219 C 46.246094 40.636719 41.632813 47 39.03125 47 Z\"><\/path><\/svg>\t\t\t\t\t\t<\/span>\n\t\t\t\t\t\t\t\t\t\t<span class=\"elementor-icon-list-text\">Tel: +49 (0)89 244 1037-40<\/span>\n\t\t\t\t\t\t\t\t\t\t\t<\/a>\n\t\t\t\t\t\t\t\t\t<\/li>\n\t\t\t\t\t\t\t\t<li class=\"elementor-icon-list-item\">\n\t\t\t\t\t\t\t\t\t\t\t<span class=\"elementor-icon-list-icon\">\n\t\t\t\t\t\t\t<i aria-hidden=\"true\" class=\"fas fa-fax\"><\/i>\t\t\t\t\t\t<\/span>\n\t\t\t\t\t\t\t\t\t\t<span class=\"elementor-icon-list-text\">Fax: +49 (0)89 244 10&zwj;37-69<\/span>\n\t\t\t\t\t\t\t\t\t<\/li>\n\t\t\t\t\t\t<\/ul>\n\t\t\t\t<\/div>\n\t\t\t\t<\/div>\n\t\t\t\t<\/div>\n\t\t\t\t<\/div>\n\t\t<div class=\"elementor-element elementor-element-870d4d1 e-con-full elementor-hidden-mobile e-flex e-con e-parent\" data-id=\"870d4d1\" data-element_type=\"container\" data-settings=\"{&quot;background_background&quot;:&quot;classic&quot;}\" data-core-v316-plus=\"true\">\n\t\t\t\t<\/div>\n\t\t\t\t<\/div>\n\t\t\t\t<\/div>\n\t\t\t\t<\/div>\n\t\t\t\t<\/div>\n\t\t","protected":false},"excerpt":{"rendered":"<p>M\u00fcnchen H\u00f6hler+Partner M\u00fcnchenIsmaninger Stra\u00dfe 5781675 M\u00fcnchen muenchen@hoehler-partner.de Tel: +49 (0)89 244 1037-40 Fax: +49 (0)89 244 10&zwj;37-69<\/p>\n","protected":false},"author":1,"featured_media":0,"parent":0,"menu_order":0,"comment_status":"closed","ping_status":"closed","template":"","meta":{"footnotes":""},"class_list":["post-10874","page","type-page","status-publish","hentry"],"_links":{"self":[{"href":"https:\/\/hoehler-partner.de\/en\/wp-json\/wp\/v2\/pages\/10874","targetHints":{"allow":["GET"]}}],"collection":[{"href":"https:\/\/hoehler-partner.de\/en\/wp-json\/wp\/v2\/pages"}],"about":[{"href":"https:\/\/hoehler-partner.de\/en\/wp-json\/wp\/v2\/types\/page"}],"author":[{"embeddable":true,"href":"https:\/\/hoehler-partner.de\/en\/wp-json\/wp\/v2\/users\/1"}],"replies":[{"embeddable":true,"href":"https:\/\/hoehler-partner.de\/en\/wp-json\/wp\/v2\/comments?post=10874"}],"version-history":[{"count":0,"href":"https:\/\/hoehler-partner.de\/en\/wp-json\/wp\/v2\/pages\/10874\/revisions"}],"wp:attachment":[{"href":"https:\/\/hoehler-partner.de\/en\/wp-json\/wp\/v2\/media?parent=10874"}],"curies":[{"name":"wp","href":"https:\/\/api.w.org\/{rel}","templated":true}]}}