{"id":11177,"date":"2023-08-24T17:03:28","date_gmt":"2023-08-24T17:03:28","guid":{"rendered":"https:\/\/hoehler-partner.de\/gestion-de-competitions"},"modified":"2024-07-09T12:00:20","modified_gmt":"2024-07-09T12:00:20","slug":"gestion-de-competitions","status":"publish","type":"page","link":"https:\/\/hoehler-partner.de\/fr\/gestion-de-competitions","title":{"rendered":"Gestion de competitions"},"content":{"rendered":"\t\t<div data-elementor-type=\"wp-page\" data-elementor-id=\"11177\" class=\"elementor elementor-11177 elementor-4890\" data-elementor-post-type=\"page\">\n\t\t\t\t<div class=\"elementor-element elementor-element-4b6a5c8 e-con-full e-flex e-con e-parent\" data-id=\"4b6a5c8\" data-element_type=\"container\" data-settings=\"{&quot;background_background&quot;:&quot;classic&quot;}\" data-core-v316-plus=\"true\">\n\t\t<div class=\"elementor-element elementor-element-87e3f19 e-con-full e-flex e-con e-child\" data-id=\"87e3f19\" data-element_type=\"container\" data-settings=\"{&quot;background_background&quot;:&quot;classic&quot;}\">\n\t\t\t\t<\/div>\n\t\t<div class=\"elementor-element elementor-element-82acffd e-con-full e-flex e-con e-child\" data-id=\"82acffd\" data-element_type=\"container\" data-settings=\"{&quot;background_background&quot;:&quot;classic&quot;}\">\n\t\t<div class=\"elementor-element elementor-element-9a4fbc8 e-con-full e-flex e-con e-child\" data-id=\"9a4fbc8\" data-element_type=\"container\">\n\t\t<div class=\"elementor-element elementor-element-fb904c9 e-con-full e-flex e-con e-child\" data-id=\"fb904c9\" data-element_type=\"container\">\n\t\t\t\t<\/div>\n\t\t<div class=\"elementor-element elementor-element-fb69486 e-con-full e-flex e-con e-child\" data-id=\"fb69486\" data-element_type=\"container\" data-settings=\"{&quot;background_background&quot;:&quot;classic&quot;}\">\n\t\t\t\t<div class=\"elementor-element elementor-element-8e419a0 elementor-invisible elementor-widget elementor-widget-heading\" data-id=\"8e419a0\" data-element_type=\"widget\" data-settings=\"{&quot;_animation&quot;:&quot;fadeInUp&quot;}\" data-widget_type=\"heading.default\">\n\t\t\t\t<div class=\"elementor-widget-container\">\n\t\t\t<style>\/*! elementor - v3.20.0 - 26-03-2024 *\/\n.elementor-heading-title{padding:0;margin:0;line-height:1}.elementor-widget-heading .elementor-heading-title[class*=elementor-size-]>a{color:inherit;font-size:inherit;line-height:inherit}.elementor-widget-heading .elementor-heading-title.elementor-size-small{font-size:15px}.elementor-widget-heading .elementor-heading-title.elementor-size-medium{font-size:19px}.elementor-widget-heading .elementor-heading-title.elementor-size-large{font-size:29px}.elementor-widget-heading .elementor-heading-title.elementor-size-xl{font-size:39px}.elementor-widget-heading .elementor-heading-title.elementor-size-xxl{font-size:59px}<\/style><h2 class=\"elementor-heading-title elementor-size-default\">Gestion de competitions<\/h2>\t\t<\/div>\n\t\t\t\t<\/div>\n\t\t\t\t<\/div>\n\t\t\t\t<\/div>\n\t\t<div class=\"elementor-element elementor-element-38ad11b e-con-full e-flex e-con e-child\" data-id=\"38ad11b\" data-element_type=\"container\">\n\t\t\t\t<\/div>\n\t\t\t\t<\/div>\n\t\t\t\t<\/div>\n\t\t<div class=\"elementor-element elementor-element-ec6d712 e-con-full e-flex e-con e-parent\" data-id=\"ec6d712\" data-element_type=\"container\" data-settings=\"{&quot;background_background&quot;:&quot;classic&quot;}\" data-core-v316-plus=\"true\">\n\t\t<div class=\"elementor-element elementor-element-73b947e e-con-full e-flex e-con e-child\" data-id=\"73b947e\" data-element_type=\"container\">\n\t\t<div class=\"elementor-element elementor-element-fbdc870 e-con-full e-flex e-con e-child\" data-id=\"fbdc870\" data-element_type=\"container\">\n\t\t<div class=\"elementor-element elementor-element-8ca29cc e-flex e-con-boxed e-con e-child\" data-id=\"8ca29cc\" data-element_type=\"container\">\n\t\t\t\t\t<div class=\"e-con-inner\">\n\t\t\t\t<div class=\"elementor-element elementor-element-ded148a elementor-widget elementor-widget-image\" data-id=\"ded148a\" data-element_type=\"widget\" data-widget_type=\"image.default\">\n\t\t\t\t<div class=\"elementor-widget-container\">\n\t\t\t<style>\/*! elementor - v3.20.0 - 26-03-2024 *\/\n.elementor-widget-image{text-align:center}.elementor-widget-image a{display:inline-block}.elementor-widget-image a img[src$=\".svg\"]{width:48px}.elementor-widget-image img{vertical-align:middle;display:inline-block}<\/style>\t\t\t\t\t\t\t\t\t\t<img fetchpriority=\"high\" decoding=\"async\" width=\"803\" height=\"738\" src=\"https:\/\/hoehler-partner.de\/wp-content\/uploads\/2023\/09\/Element-1Wettbewerbsmanagement.svg\" class=\"attachment-full size-full wp-image-6380\" alt=\"\" \/>\t\t\t\t\t\t\t\t\t\t\t\t\t<\/div>\n\t\t\t\t<\/div>\n\t\t\t\t\t<\/div>\n\t\t\t\t<\/div>\n\t\t\t\t<\/div>\n\t\t<div class=\"elementor-element elementor-element-f9b429f e-con-full e-flex e-con e-child\" data-id=\"f9b429f\" data-element_type=\"container\" data-settings=\"{&quot;background_background&quot;:&quot;classic&quot;}\">\n\t\t\t\t<\/div>\n\t\t<div class=\"elementor-element elementor-element-8593f93 e-con-full e-flex e-con e-child\" data-id=\"8593f93\" data-element_type=\"container\">\n\t\t<div class=\"elementor-element elementor-element-961c81d e-con-full e-flex e-con e-child\" data-id=\"961c81d\" data-element_type=\"container\">\n\t\t<div class=\"elementor-element elementor-element-7d5b4eb e-con-full e-flex e-con e-child\" data-id=\"7d5b4eb\" data-element_type=\"container\">\n\t\t\t\t<div class=\"elementor-element elementor-element-e3a0f9a elementor-widget elementor-widget-text-editor\" data-id=\"e3a0f9a\" data-element_type=\"widget\" data-widget_type=\"text-editor.default\">\n\t\t\t\t<div class=\"elementor-widget-container\">\n\t\t\t<style>\/*! elementor - v3.20.0 - 26-03-2024 *\/\n.elementor-widget-text-editor.elementor-drop-cap-view-stacked .elementor-drop-cap{background-color:#69727d;color:#fff}.elementor-widget-text-editor.elementor-drop-cap-view-framed .elementor-drop-cap{color:#69727d;border:3px solid;background-color:transparent}.elementor-widget-text-editor:not(.elementor-drop-cap-view-default) .elementor-drop-cap{margin-top:8px}.elementor-widget-text-editor:not(.elementor-drop-cap-view-default) .elementor-drop-cap-letter{width:1em;height:1em}.elementor-widget-text-editor .elementor-drop-cap{float:left;text-align:center;line-height:1;font-size:50px}.elementor-widget-text-editor .elementor-drop-cap-letter{display:inline-block}<\/style>\t\t\t\t<p>En nous concentrant notamment sur la v\u00e9rification de la rentabilit\u00e9 et des co\u00fbts de construction, nous assistons les ma\u00eetres d&rsquo;ouvrage et les investisseurs dans la mise en \u0153uvre de proc\u00e9dures de concours en mati\u00e8re de construction de b\u00e2timents et d&rsquo;urbanisme.<\/p><p>L&rsquo;\u00e9valuation de tous les travaux par une seule et m\u00eame personne garantit la comparabilit\u00e9 et permet de disposer d&rsquo;une base d&rsquo;\u00e9valuation s\u00fbre.<\/p>\t\t\t\t\t\t<\/div>\n\t\t\t\t<\/div>\n\t\t\t\t<\/div>\n\t\t\t\t<\/div>\n\t\t<div class=\"elementor-element elementor-element-25c2bd1 e-con-full elementor-hidden-mobile e-flex e-con e-child\" data-id=\"25c2bd1\" data-element_type=\"container\" data-settings=\"{&quot;background_background&quot;:&quot;classic&quot;}\">\n\t\t\t\t<\/div>\n\t\t\t\t<\/div>\n\t\t\t\t<\/div>\n\t\t\t\t<\/div>\n\t\t\t\t<\/div>\n\t\t","protected":false},"excerpt":{"rendered":"<p>Gestion de competitions En nous concentrant notamment sur la v\u00e9rification de la rentabilit\u00e9 et des co\u00fbts de construction, nous assistons les ma\u00eetres d&rsquo;ouvrage et les investisseurs dans la mise en \u0153uvre de proc\u00e9dures de concours en mati\u00e8re de construction de b\u00e2timents et d&rsquo;urbanisme. L&rsquo;\u00e9valuation de tous les travaux par une seule et m\u00eame personne garantit [&hellip;]<\/p>\n","protected":false},"author":1,"featured_media":0,"parent":0,"menu_order":0,"comment_status":"closed","ping_status":"closed","template":"","meta":{"footnotes":""},"class_list":["post-11177","page","type-page","status-publish","hentry"],"_links":{"self":[{"href":"https:\/\/hoehler-partner.de\/fr\/wp-json\/wp\/v2\/pages\/11177","targetHints":{"allow":["GET"]}}],"collection":[{"href":"https:\/\/hoehler-partner.de\/fr\/wp-json\/wp\/v2\/pages"}],"about":[{"href":"https:\/\/hoehler-partner.de\/fr\/wp-json\/wp\/v2\/types\/page"}],"author":[{"embeddable":true,"href":"https:\/\/hoehler-partner.de\/fr\/wp-json\/wp\/v2\/users\/1"}],"replies":[{"embeddable":true,"href":"https:\/\/hoehler-partner.de\/fr\/wp-json\/wp\/v2\/comments?post=11177"}],"version-history":[{"count":8,"href":"https:\/\/hoehler-partner.de\/fr\/wp-json\/wp\/v2\/pages\/11177\/revisions"}],"predecessor-version":[{"id":12055,"href":"https:\/\/hoehler-partner.de\/fr\/wp-json\/wp\/v2\/pages\/11177\/revisions\/12055"}],"wp:attachment":[{"href":"https:\/\/hoehler-partner.de\/fr\/wp-json\/wp\/v2\/media?parent=11177"}],"curies":[{"name":"wp","href":"https:\/\/api.w.org\/{rel}","templated":true}]}}