{"id":11180,"date":"2023-08-24T16:06:12","date_gmt":"2023-08-24T16:06:12","guid":{"rendered":"https:\/\/hoehler-partner.de\/architecte-partenaire"},"modified":"2024-01-21T18:33:51","modified_gmt":"2024-01-21T18:33:51","slug":"architecte-partenaire","status":"publish","type":"page","link":"https:\/\/hoehler-partner.de\/fr\/architecte-partenaire","title":{"rendered":"Architecte partenaire"},"content":{"rendered":"\t\t<div data-elementor-type=\"wp-page\" data-elementor-id=\"11180\" class=\"elementor elementor-11180 elementor-4763\" data-elementor-post-type=\"page\">\n\t\t\t\t<div class=\"elementor-element elementor-element-72c5a99 e-con-full e-flex e-con e-parent\" data-id=\"72c5a99\" data-element_type=\"container\" data-settings=\"{&quot;background_background&quot;:&quot;classic&quot;}\" data-core-v316-plus=\"true\">\n\t\t<div class=\"elementor-element elementor-element-7a5df18 e-con-full e-flex e-con e-child\" data-id=\"7a5df18\" data-element_type=\"container\" data-settings=\"{&quot;background_background&quot;:&quot;classic&quot;}\">\n\t\t\t\t<\/div>\n\t\t<div class=\"elementor-element elementor-element-362099a e-con-full e-flex e-con e-child\" data-id=\"362099a\" data-element_type=\"container\" data-settings=\"{&quot;background_background&quot;:&quot;classic&quot;}\">\n\t\t<div class=\"elementor-element elementor-element-28ff091 e-con-full e-flex e-con e-child\" data-id=\"28ff091\" data-element_type=\"container\">\n\t\t<div class=\"elementor-element elementor-element-870ae54 e-con-full e-flex e-con e-child\" data-id=\"870ae54\" data-element_type=\"container\">\n\t\t\t\t<\/div>\n\t\t<div class=\"elementor-element elementor-element-e4c260c e-con-full e-flex e-con e-child\" data-id=\"e4c260c\" data-element_type=\"container\" data-settings=\"{&quot;background_background&quot;:&quot;classic&quot;}\">\n\t\t\t\t<div class=\"elementor-element elementor-element-027e608 elementor-widget elementor-widget-heading\" data-id=\"027e608\" data-element_type=\"widget\" data-widget_type=\"heading.default\">\n\t\t\t\t<div class=\"elementor-widget-container\">\n\t\t\t<style>\/*! elementor - v3.20.0 - 26-03-2024 *\/\n.elementor-heading-title{padding:0;margin:0;line-height:1}.elementor-widget-heading .elementor-heading-title[class*=elementor-size-]>a{color:inherit;font-size:inherit;line-height:inherit}.elementor-widget-heading .elementor-heading-title.elementor-size-small{font-size:15px}.elementor-widget-heading .elementor-heading-title.elementor-size-medium{font-size:19px}.elementor-widget-heading .elementor-heading-title.elementor-size-large{font-size:29px}.elementor-widget-heading .elementor-heading-title.elementor-size-xl{font-size:39px}.elementor-widget-heading .elementor-heading-title.elementor-size-xxl{font-size:59px}<\/style><h2 class=\"elementor-heading-title elementor-size-default\">Architecte partenaire<\/h2>\t\t<\/div>\n\t\t\t\t<\/div>\n\t\t\t\t<\/div>\n\t\t\t\t<\/div>\n\t\t<div class=\"elementor-element elementor-element-e0dfd36 e-con-full e-flex e-con e-child\" data-id=\"e0dfd36\" data-element_type=\"container\">\n\t\t\t\t<\/div>\n\t\t\t\t<\/div>\n\t\t\t\t<\/div>\n\t\t<div class=\"elementor-element elementor-element-8f10d23 e-con-full e-flex e-con e-parent\" data-id=\"8f10d23\" data-element_type=\"container\" data-settings=\"{&quot;background_background&quot;:&quot;classic&quot;}\" data-core-v316-plus=\"true\">\n\t\t<div class=\"elementor-element elementor-element-ffa8d22 e-con-full e-flex e-con e-child\" data-id=\"ffa8d22\" data-element_type=\"container\">\n\t\t<div class=\"elementor-element elementor-element-561d4d0 e-con-full e-flex e-con e-child\" data-id=\"561d4d0\" data-element_type=\"container\">\n\t\t<div class=\"elementor-element elementor-element-17c25f9 e-flex e-con-boxed e-con e-child\" data-id=\"17c25f9\" data-element_type=\"container\" data-settings=\"{&quot;sticky&quot;:&quot;top&quot;,&quot;sticky_on&quot;:[&quot;desktop&quot;,&quot;tablet&quot;],&quot;sticky_offset&quot;:100,&quot;sticky_parent&quot;:&quot;yes&quot;,&quot;sticky_effects_offset&quot;:0}\">\n\t\t\t\t\t<div class=\"e-con-inner\">\n\t\t\t\t<div class=\"elementor-element elementor-element-4509cfe elementor-widget elementor-widget-image\" data-id=\"4509cfe\" data-element_type=\"widget\" data-widget_type=\"image.default\">\n\t\t\t\t<div class=\"elementor-widget-container\">\n\t\t\t<style>\/*! elementor - v3.20.0 - 26-03-2024 *\/\n.elementor-widget-image{text-align:center}.elementor-widget-image a{display:inline-block}.elementor-widget-image a img[src$=\".svg\"]{width:48px}.elementor-widget-image img{vertical-align:middle;display:inline-block}<\/style>\t\t\t\t\t\t\t\t\t\t<img fetchpriority=\"high\" decoding=\"async\" width=\"481\" height=\"389\" src=\"https:\/\/hoehler-partner.de\/wp-content\/uploads\/2023\/11\/Partner-1.svg\" class=\"attachment-full size-full wp-image-8386\" alt=\"\" \/>\t\t\t\t\t\t\t\t\t\t\t\t\t<\/div>\n\t\t\t\t<\/div>\n\t\t\t\t\t<\/div>\n\t\t\t\t<\/div>\n\t\t\t\t<\/div>\n\t\t<div class=\"elementor-element elementor-element-8e31c9b e-con-full e-flex e-con e-child\" data-id=\"8e31c9b\" data-element_type=\"container\" data-settings=\"{&quot;background_background&quot;:&quot;classic&quot;}\">\n\t\t\t\t<\/div>\n\t\t<div class=\"elementor-element elementor-element-59988e2 e-con-full e-flex e-con e-child\" data-id=\"59988e2\" data-element_type=\"container\">\n\t\t<div class=\"elementor-element elementor-element-27d918e e-con-full e-flex e-con e-child\" data-id=\"27d918e\" data-element_type=\"container\">\n\t\t<div class=\"elementor-element elementor-element-bc86d08 e-con-full e-flex e-con e-child\" data-id=\"bc86d08\" data-element_type=\"container\">\n\t\t<div class=\"elementor-element elementor-element-62d19b1 e-flex e-con-boxed e-con e-child\" data-id=\"62d19b1\" data-element_type=\"container\">\n\t\t\t\t\t<div class=\"e-con-inner\">\n\t\t\t\t<div class=\"elementor-element elementor-element-a5c5114 elementor-widget elementor-widget-text-editor\" data-id=\"a5c5114\" data-element_type=\"widget\" data-widget_type=\"text-editor.default\">\n\t\t\t\t<div class=\"elementor-widget-container\">\n\t\t\t<style>\/*! elementor - v3.20.0 - 26-03-2024 *\/\n.elementor-widget-text-editor.elementor-drop-cap-view-stacked .elementor-drop-cap{background-color:#69727d;color:#fff}.elementor-widget-text-editor.elementor-drop-cap-view-framed .elementor-drop-cap{color:#69727d;border:3px solid;background-color:transparent}.elementor-widget-text-editor:not(.elementor-drop-cap-view-default) .elementor-drop-cap{margin-top:8px}.elementor-widget-text-editor:not(.elementor-drop-cap-view-default) .elementor-drop-cap-letter{width:1em;height:1em}.elementor-widget-text-editor .elementor-drop-cap{float:left;text-align:center;line-height:1;font-size:50px}.elementor-widget-text-editor .elementor-drop-cap-letter{display:inline-block}<\/style>\t\t\t\t<p>Nous entretenons des partenariats \u00e9troits avec de nombreux architectes sp\u00e9cialis\u00e9s dans la planification afin de mener \u00e0 bien des projets en commun et en toute confiance.<\/p>\n<p>Nous mettons g\u00e9n\u00e9ralement l&rsquo;accent sur les domaines de prestations suivants : co\u00fbts | d\u00e9lais | appels d&rsquo;offres\/attribution des march\u00e9s et surveillance des projets.<\/p>\n<p>En partenariat avec des architectes de pays non germanophones, nous fournissons \u00e9galement, si n\u00e9cessaire, des conseils et\/ou une assistance dans le domaine de la planification.<\/p>\n\t\t\t\t\t\t<\/div>\n\t\t\t\t<\/div>\n\t\t\t\t\t<\/div>\n\t\t\t\t<\/div>\n\t\t<div class=\"elementor-element elementor-element-6806e60 e-flex e-con-boxed e-con e-child\" data-id=\"6806e60\" data-element_type=\"container\">\n\t\t\t\t\t<div class=\"e-con-inner\">\n\t\t\t\t<div class=\"elementor-element elementor-element-4fa35ce elementor-widget elementor-widget-heading\" data-id=\"4fa35ce\" data-element_type=\"widget\" data-widget_type=\"heading.default\">\n\t\t\t\t<div class=\"elementor-widget-container\">\n\t\t\t<span class=\"elementor-heading-title elementor-size-default\">Sur la base d'un bon partenariat, la r\u00e9partition des t\u00e2ches peut \u00eatre adapt\u00e9e de mani\u00e8re flexible \u00e0 l'\u00e9volution du projet.<\/span>\t\t<\/div>\n\t\t\t\t<\/div>\n\t\t\t\t\t<\/div>\n\t\t\t\t<\/div>\n\t\t\t\t<\/div>\n\t\t\t\t<\/div>\n\t\t<div class=\"elementor-element elementor-element-2b8be29 e-con-full e-flex e-con e-child\" data-id=\"2b8be29\" data-element_type=\"container\" data-settings=\"{&quot;background_background&quot;:&quot;classic&quot;}\">\n\t\t\t\t<div class=\"elementor-element elementor-element-5d6c7bb elementor-widget elementor-widget-heading\" data-id=\"5d6c7bb\" data-element_type=\"widget\" data-widget_type=\"heading.default\">\n\t\t\t\t<div class=\"elementor-widget-container\">\n\t\t\t<h2 class=\"elementor-heading-title elementor-size-default\">Services<\/h2>\t\t<\/div>\n\t\t\t\t<\/div>\n\t\t\t\t<div class=\"elementor-element elementor-element-136649e elementor-widget elementor-widget-text-editor\" data-id=\"136649e\" data-element_type=\"widget\" data-widget_type=\"text-editor.default\">\n\t\t\t\t<div class=\"elementor-widget-container\">\n\t\t\t\t\t\t\t<ul>\n<li>\n<div>Formation d&rsquo;\u00e9quipes avec des architectes sp\u00e9cialis\u00e9s dans la conception et la planification<\/div>\n<\/li>\n<li>\n<div>Partenariats continus avec des architectes concepteurs en Belgique et \u00e0 l&rsquo;\u00e9tranger<\/div>\n<\/li>\n<li>\n<div>Prise en charge de la communication et de la pr\u00e9sence sur place<\/div>\n<\/li>\n<li>\n<div>Soutien dans le domaine des normes et standards allemands, des proc\u00e9dures d&rsquo;autorisation et d&rsquo;appel d&rsquo;offres, etc.<\/div>\n<\/li>\n<li>\n<div>Soutien dans le domaine du HOAI allemand et des contrats<\/div>\n<\/li>\n<\/ul>\n\t\t\t\t\t\t<\/div>\n\t\t\t\t<\/div>\n\t\t\t\t<\/div>\n\t\t\t\t<\/div>\n\t\t\t\t<\/div>\n\t\t\t\t<\/div>\n\t\t\t\t<\/div>\n\t\t","protected":false},"excerpt":{"rendered":"<p>Architecte partenaire Nous entretenons des partenariats \u00e9troits avec de nombreux architectes sp\u00e9cialis\u00e9s dans la planification afin de mener \u00e0 bien des projets en commun et en toute confiance. Nous mettons g\u00e9n\u00e9ralement l&rsquo;accent sur les domaines de prestations suivants : co\u00fbts | d\u00e9lais | appels d&rsquo;offres\/attribution des march\u00e9s et surveillance des projets. En partenariat avec des [&hellip;]<\/p>\n","protected":false},"author":1,"featured_media":0,"parent":0,"menu_order":0,"comment_status":"closed","ping_status":"closed","template":"","meta":{"footnotes":""},"class_list":["post-11180","page","type-page","status-publish","hentry"],"_links":{"self":[{"href":"https:\/\/hoehler-partner.de\/fr\/wp-json\/wp\/v2\/pages\/11180","targetHints":{"allow":["GET"]}}],"collection":[{"href":"https:\/\/hoehler-partner.de\/fr\/wp-json\/wp\/v2\/pages"}],"about":[{"href":"https:\/\/hoehler-partner.de\/fr\/wp-json\/wp\/v2\/types\/page"}],"author":[{"embeddable":true,"href":"https:\/\/hoehler-partner.de\/fr\/wp-json\/wp\/v2\/users\/1"}],"replies":[{"embeddable":true,"href":"https:\/\/hoehler-partner.de\/fr\/wp-json\/wp\/v2\/comments?post=11180"}],"version-history":[{"count":7,"href":"https:\/\/hoehler-partner.de\/fr\/wp-json\/wp\/v2\/pages\/11180\/revisions"}],"predecessor-version":[{"id":11274,"href":"https:\/\/hoehler-partner.de\/fr\/wp-json\/wp\/v2\/pages\/11180\/revisions\/11274"}],"wp:attachment":[{"href":"https:\/\/hoehler-partner.de\/fr\/wp-json\/wp\/v2\/media?parent=11180"}],"curies":[{"name":"wp","href":"https:\/\/api.w.org\/{rel}","templated":true}]}}