{"id":11195,"date":"2023-08-24T16:53:22","date_gmt":"2023-08-24T16:53:22","guid":{"rendered":"https:\/\/hoehler-partner.de\/construction-ecologique"},"modified":"2024-01-21T18:33:00","modified_gmt":"2024-01-21T18:33:00","slug":"construction-ecologique","status":"publish","type":"page","link":"https:\/\/hoehler-partner.de\/fr\/construction-ecologique","title":{"rendered":"Construction \u00e9cologique"},"content":{"rendered":"\t\t<div data-elementor-type=\"wp-page\" data-elementor-id=\"11195\" class=\"elementor elementor-11195 elementor-4854\" data-elementor-post-type=\"page\">\n\t\t\t\t<div class=\"elementor-element elementor-element-70d36de e-con-full e-flex e-con e-parent\" data-id=\"70d36de\" data-element_type=\"container\" data-settings=\"{&quot;background_background&quot;:&quot;classic&quot;}\" data-core-v316-plus=\"true\">\n\t\t<div class=\"elementor-element elementor-element-51c5dab e-con-full e-flex e-con e-child\" data-id=\"51c5dab\" data-element_type=\"container\" data-settings=\"{&quot;background_background&quot;:&quot;classic&quot;}\">\n\t\t\t\t<\/div>\n\t\t<div class=\"elementor-element elementor-element-f478ad5 e-con-full e-flex e-con e-child\" data-id=\"f478ad5\" data-element_type=\"container\" data-settings=\"{&quot;background_background&quot;:&quot;classic&quot;}\">\n\t\t<div class=\"elementor-element elementor-element-01a8942 e-con-full e-flex e-con e-child\" data-id=\"01a8942\" data-element_type=\"container\">\n\t\t<div class=\"elementor-element elementor-element-c450e9e e-con-full e-flex e-con e-child\" data-id=\"c450e9e\" data-element_type=\"container\">\n\t\t\t\t<\/div>\n\t\t<div class=\"elementor-element elementor-element-6abcb9c e-con-full e-flex e-con e-child\" data-id=\"6abcb9c\" data-element_type=\"container\" data-settings=\"{&quot;background_background&quot;:&quot;classic&quot;}\">\n\t\t\t\t<div class=\"elementor-element elementor-element-167fe9a elementor-invisible elementor-widget elementor-widget-heading\" data-id=\"167fe9a\" data-element_type=\"widget\" data-settings=\"{&quot;_animation&quot;:&quot;fadeInUp&quot;}\" data-widget_type=\"heading.default\">\n\t\t\t\t<div class=\"elementor-widget-container\">\n\t\t\t<style>\/*! elementor - v3.20.0 - 26-03-2024 *\/\n.elementor-heading-title{padding:0;margin:0;line-height:1}.elementor-widget-heading .elementor-heading-title[class*=elementor-size-]>a{color:inherit;font-size:inherit;line-height:inherit}.elementor-widget-heading .elementor-heading-title.elementor-size-small{font-size:15px}.elementor-widget-heading .elementor-heading-title.elementor-size-medium{font-size:19px}.elementor-widget-heading .elementor-heading-title.elementor-size-large{font-size:29px}.elementor-widget-heading .elementor-heading-title.elementor-size-xl{font-size:39px}.elementor-widget-heading .elementor-heading-title.elementor-size-xxl{font-size:59px}<\/style><h2 class=\"elementor-heading-title elementor-size-default\">Construction \u00e9cologique<\/h2>\t\t<\/div>\n\t\t\t\t<\/div>\n\t\t\t\t<\/div>\n\t\t\t\t<\/div>\n\t\t<div class=\"elementor-element elementor-element-a1ccec0 e-con-full e-flex e-con e-child\" data-id=\"a1ccec0\" data-element_type=\"container\">\n\t\t\t\t<\/div>\n\t\t\t\t<\/div>\n\t\t\t\t<\/div>\n\t\t<div class=\"elementor-element elementor-element-c6d83d1 e-con-full e-flex e-con e-parent\" data-id=\"c6d83d1\" data-element_type=\"container\" data-settings=\"{&quot;background_background&quot;:&quot;classic&quot;}\" data-core-v316-plus=\"true\">\n\t\t<div class=\"elementor-element elementor-element-474c4c4 e-con-full e-flex e-con e-child\" data-id=\"474c4c4\" data-element_type=\"container\">\n\t\t<div class=\"elementor-element elementor-element-93286dd e-con-full e-flex e-con e-child\" data-id=\"93286dd\" data-element_type=\"container\">\n\t\t<div class=\"elementor-element elementor-element-ba1f0b2 e-flex e-con-boxed e-con e-child\" data-id=\"ba1f0b2\" data-element_type=\"container\">\n\t\t\t\t\t<div class=\"e-con-inner\">\n\t\t\t\t<div class=\"elementor-element elementor-element-39467ef elementor-widget elementor-widget-text-editor\" data-id=\"39467ef\" data-element_type=\"widget\" data-widget_type=\"text-editor.default\">\n\t\t\t\t<div class=\"elementor-widget-container\">\n\t\t\t<style>\/*! elementor - v3.20.0 - 26-03-2024 *\/\n.elementor-widget-text-editor.elementor-drop-cap-view-stacked .elementor-drop-cap{background-color:#69727d;color:#fff}.elementor-widget-text-editor.elementor-drop-cap-view-framed .elementor-drop-cap{color:#69727d;border:3px solid;background-color:transparent}.elementor-widget-text-editor:not(.elementor-drop-cap-view-default) .elementor-drop-cap{margin-top:8px}.elementor-widget-text-editor:not(.elementor-drop-cap-view-default) .elementor-drop-cap-letter{width:1em;height:1em}.elementor-widget-text-editor .elementor-drop-cap{float:left;text-align:center;line-height:1;font-size:50px}.elementor-widget-text-editor .elementor-drop-cap-letter{display:inline-block}<\/style>\t\t\t\t<p>Nous disposons d&rsquo;une vaste exp\u00e9rience en mati\u00e8re d&rsquo;accompagnement et de conseil dans le domaine de la planification, de la construction et de la modernisation durables.<\/p>\n<p>Outre les analyses de cycle de vie et le respect des exigences du processus de certification correspondant, une planification int\u00e9grale constitue la base d&rsquo;un projet durable r\u00e9ussi.<\/p>\n\t\t\t\t\t\t<\/div>\n\t\t\t\t<\/div>\n\t\t\t\t\t<\/div>\n\t\t\t\t<\/div>\n\t\t\t\t<\/div>\n\t\t<div class=\"elementor-element elementor-element-b096161 e-con-full e-flex e-con e-child\" data-id=\"b096161\" data-element_type=\"container\" data-settings=\"{&quot;background_background&quot;:&quot;classic&quot;}\">\n\t\t\t\t<\/div>\n\t\t<div class=\"elementor-element elementor-element-8ce2c58 e-con-full e-flex e-con e-child\" data-id=\"8ce2c58\" data-element_type=\"container\">\n\t\t<div class=\"elementor-element elementor-element-e3da29f e-con-full e-flex e-con e-child\" data-id=\"e3da29f\" data-element_type=\"container\">\n\t\t<div class=\"elementor-element elementor-element-91f5904 e-con-full e-flex e-con e-child\" data-id=\"91f5904\" data-element_type=\"container\">\n\t\t\t\t<div class=\"elementor-element elementor-element-02deecf elementor-widget elementor-widget-text-editor\" data-id=\"02deecf\" data-element_type=\"widget\" data-widget_type=\"text-editor.default\">\n\t\t\t\t<div class=\"elementor-widget-container\">\n\t\t\t\t\t\t\t<p>L&rsquo;\u00e9valuation des crit\u00e8res et le choix des mesures \u00e0 mettre en \u0153uvre doivent \u00eatre effectu\u00e9s d\u00e8s les premi\u00e8res phases du projet, en tenant compte de leur impact sur les co\u00fbts, afin de pouvoir les respecter lors de la mise en \u0153uvre.<\/p>\n<p>Un suivi de la mise en \u0153uvre des concepts et variantes choisis est effectu\u00e9 jusqu&rsquo;\u00e0 l&rsquo;ach\u00e8vement de la construction.<\/p>\n\t\t\t\t\t\t<\/div>\n\t\t\t\t<\/div>\n\t\t\t\t<\/div>\n\t\t\t\t<\/div>\n\t\t<div class=\"elementor-element elementor-element-54c9a62 e-con-full e-flex e-con e-child\" data-id=\"54c9a62\" data-element_type=\"container\" data-settings=\"{&quot;background_background&quot;:&quot;classic&quot;}\">\n\t\t\t\t<div class=\"elementor-element elementor-element-1521261 elementor-widget elementor-widget-heading\" data-id=\"1521261\" data-element_type=\"widget\" data-widget_type=\"heading.default\">\n\t\t\t\t<div class=\"elementor-widget-container\">\n\t\t\t<h2 class=\"elementor-heading-title elementor-size-default\">Certifications<\/h2>\t\t<\/div>\n\t\t\t\t<\/div>\n\t\t<div class=\"elementor-element elementor-element-a67b13b e-flex e-con-boxed e-con e-child\" data-id=\"a67b13b\" data-element_type=\"container\">\n\t\t\t\t\t<div class=\"e-con-inner\">\n\t\t\t\t<div class=\"elementor-element elementor-element-92eba76 elementor-widget elementor-widget-text-editor\" data-id=\"92eba76\" data-element_type=\"widget\" data-widget_type=\"text-editor.default\">\n\t\t\t\t<div class=\"elementor-widget-container\">\n\t\t\t\t\t\t\t<p>Dans le traitement de nos projets, il faut r\u00e9guli\u00e8rement tenir compte des exigences issues des processus de certification les plus divers et les int\u00e9grer dans les prestations respectives.  <\/p>\n\t\t\t\t\t\t<\/div>\n\t\t\t\t<\/div>\n\t\t\t\t\t<\/div>\n\t\t\t\t<\/div>\n\t\t\t\t<\/div>\n\t\t\t\t<\/div>\n\t\t\t\t<\/div>\n\t\t\t\t<\/div>\n\t\t\t\t<\/div>\n\t\t","protected":false},"excerpt":{"rendered":"<p>Construction \u00e9cologique Nous disposons d&rsquo;une vaste exp\u00e9rience en mati\u00e8re d&rsquo;accompagnement et de conseil dans le domaine de la planification, de la construction et de la modernisation durables. Outre les analyses de cycle de vie et le respect des exigences du processus de certification correspondant, une planification int\u00e9grale constitue la base d&rsquo;un projet durable r\u00e9ussi. L&rsquo;\u00e9valuation [&hellip;]<\/p>\n","protected":false},"author":1,"featured_media":0,"parent":0,"menu_order":0,"comment_status":"closed","ping_status":"closed","template":"","meta":{"footnotes":""},"class_list":["post-11195","page","type-page","status-publish","hentry"],"_links":{"self":[{"href":"https:\/\/hoehler-partner.de\/fr\/wp-json\/wp\/v2\/pages\/11195","targetHints":{"allow":["GET"]}}],"collection":[{"href":"https:\/\/hoehler-partner.de\/fr\/wp-json\/wp\/v2\/pages"}],"about":[{"href":"https:\/\/hoehler-partner.de\/fr\/wp-json\/wp\/v2\/types\/page"}],"author":[{"embeddable":true,"href":"https:\/\/hoehler-partner.de\/fr\/wp-json\/wp\/v2\/users\/1"}],"replies":[{"embeddable":true,"href":"https:\/\/hoehler-partner.de\/fr\/wp-json\/wp\/v2\/comments?post=11195"}],"version-history":[{"count":9,"href":"https:\/\/hoehler-partner.de\/fr\/wp-json\/wp\/v2\/pages\/11195\/revisions"}],"predecessor-version":[{"id":11264,"href":"https:\/\/hoehler-partner.de\/fr\/wp-json\/wp\/v2\/pages\/11195\/revisions\/11264"}],"wp:attachment":[{"href":"https:\/\/hoehler-partner.de\/fr\/wp-json\/wp\/v2\/media?parent=11195"}],"curies":[{"name":"wp","href":"https:\/\/api.w.org\/{rel}","templated":true}]}}