{"id":11196,"date":"2023-08-20T14:00:53","date_gmt":"2023-08-20T14:00:53","guid":{"rendered":"https:\/\/hoehler-partner.de\/planification-generale"},"modified":"2024-01-21T18:28:39","modified_gmt":"2024-01-21T18:28:39","slug":"planification-generale","status":"publish","type":"page","link":"https:\/\/hoehler-partner.de\/fr\/planification-generale","title":{"rendered":"Planification g\u00e9n\u00e9rale"},"content":{"rendered":"\t\t<div data-elementor-type=\"wp-page\" data-elementor-id=\"11196\" class=\"elementor elementor-11196 elementor-4478\" data-elementor-post-type=\"page\">\n\t\t\t\t<div class=\"elementor-element elementor-element-958bab2 e-con-full e-flex e-con e-parent\" data-id=\"958bab2\" data-element_type=\"container\" data-settings=\"{&quot;background_background&quot;:&quot;classic&quot;}\" data-core-v316-plus=\"true\">\n\t\t<div class=\"elementor-element elementor-element-918553d e-con-full e-flex e-con e-parent\" data-id=\"918553d\" data-element_type=\"container\" data-settings=\"{&quot;background_background&quot;:&quot;classic&quot;}\" data-core-v316-plus=\"true\">\n\t\t\t\t<\/div>\n\t\t<div class=\"elementor-element elementor-element-6b8e2b2 e-con-full e-flex e-con e-parent\" data-id=\"6b8e2b2\" data-element_type=\"container\" data-settings=\"{&quot;background_background&quot;:&quot;classic&quot;}\" data-core-v316-plus=\"true\">\n\t\t<div class=\"elementor-element elementor-element-48d04fa e-con-full e-flex e-con e-parent\" data-id=\"48d04fa\" data-element_type=\"container\" data-core-v316-plus=\"true\">\n\t\t<div class=\"elementor-element elementor-element-4c34368 e-con-full e-flex e-con e-parent\" data-id=\"4c34368\" data-element_type=\"container\" data-core-v316-plus=\"true\">\n\t\t\t\t<\/div>\n\t\t<div class=\"elementor-element elementor-element-eeb2462 e-con-full e-flex e-con e-parent\" data-id=\"eeb2462\" data-element_type=\"container\" data-settings=\"{&quot;background_background&quot;:&quot;classic&quot;}\" data-core-v316-plus=\"true\">\n\t\t\t\t<div class=\"elementor-element elementor-element-e63b2e7 elementor-invisible elementor-widget elementor-widget-heading\" data-id=\"e63b2e7\" data-element_type=\"widget\" data-settings=\"{&quot;_animation&quot;:&quot;fadeInUp&quot;}\" data-widget_type=\"heading.default\">\n\t\t\t\t<div class=\"elementor-widget-container\">\n\t\t\t<style>\/*! elementor - v3.20.0 - 26-03-2024 *\/\n.elementor-heading-title{padding:0;margin:0;line-height:1}.elementor-widget-heading .elementor-heading-title[class*=elementor-size-]>a{color:inherit;font-size:inherit;line-height:inherit}.elementor-widget-heading .elementor-heading-title.elementor-size-small{font-size:15px}.elementor-widget-heading .elementor-heading-title.elementor-size-medium{font-size:19px}.elementor-widget-heading .elementor-heading-title.elementor-size-large{font-size:29px}.elementor-widget-heading .elementor-heading-title.elementor-size-xl{font-size:39px}.elementor-widget-heading .elementor-heading-title.elementor-size-xxl{font-size:59px}<\/style><h2 class=\"elementor-heading-title elementor-size-default\">Planification g\u00e9n\u00e9rale<\/h2>\t\t<\/div>\n\t\t\t\t<\/div>\n\t\t\t\t<\/div>\n\t\t\t\t<\/div>\n\t\t<div class=\"elementor-element elementor-element-6b6ffc5 e-con-full e-flex e-con e-parent\" data-id=\"6b6ffc5\" data-element_type=\"container\" data-core-v316-plus=\"true\">\n\t\t\t\t<\/div>\n\t\t\t\t<\/div>\n\t\t\t\t<\/div>\n\t\t<div class=\"elementor-element elementor-element-ff0f100 e-con-full e-flex e-con e-parent\" data-id=\"ff0f100\" data-element_type=\"container\" data-settings=\"{&quot;background_background&quot;:&quot;classic&quot;}\" data-core-v316-plus=\"true\">\n\t\t<div class=\"elementor-element elementor-element-69a63e5 e-con-full e-flex e-con e-parent\" data-id=\"69a63e5\" data-element_type=\"container\" data-core-v316-plus=\"true\">\n\t\t<div class=\"elementor-element elementor-element-9d3d387 e-con-full e-flex e-con e-parent\" data-id=\"9d3d387\" data-element_type=\"container\" data-core-v316-plus=\"true\">\n\t\t<div class=\"elementor-element elementor-element-e0944ad e-con-full e-flex e-con e-parent\" data-id=\"e0944ad\" data-element_type=\"container\" data-core-v316-plus=\"true\">\n\t\t\t\t<div class=\"elementor-element elementor-element-bcc6ef2 elementor-widget elementor-widget-text-editor\" data-id=\"bcc6ef2\" data-element_type=\"widget\" data-widget_type=\"text-editor.default\">\n\t\t\t\t<div class=\"elementor-widget-container\">\n\t\t\t<style>\/*! elementor - v3.20.0 - 26-03-2024 *\/\n.elementor-widget-text-editor.elementor-drop-cap-view-stacked .elementor-drop-cap{background-color:#69727d;color:#fff}.elementor-widget-text-editor.elementor-drop-cap-view-framed .elementor-drop-cap{color:#69727d;border:3px solid;background-color:transparent}.elementor-widget-text-editor:not(.elementor-drop-cap-view-default) .elementor-drop-cap{margin-top:8px}.elementor-widget-text-editor:not(.elementor-drop-cap-view-default) .elementor-drop-cap-letter{width:1em;height:1em}.elementor-widget-text-editor .elementor-drop-cap{float:left;text-align:center;line-height:1;font-size:50px}.elementor-widget-text-editor .elementor-drop-cap-letter{display:inline-block}<\/style>\t\t\t\t<p>Souvent, nous traitons nos projets en tant que planificateur g\u00e9n\u00e9ral.<\/p>\n<p>Dans ce cadre, nous formons r\u00e9guli\u00e8rement des groupes de travail avec l&rsquo;architecte qui a con\u00e7u le projet.<\/p>\n<\/p>\n<p>En nous appuyant sur notre vaste r\u00e9seau de planificateurs sp\u00e9cialis\u00e9s, de conseillers et d&rsquo;experts avec lesquels nous entretenons des collaborations de longue date, nous constituons des \u00e9quipes de planificateurs g\u00e9n\u00e9raux pour toutes les t\u00e2ches de planification et pouvons ainsi fournir un traitement de projet \u00ab\u00a0tout en un\u00a0\u00bb.<\/p>\n\t\t\t\t\t\t<\/div>\n\t\t\t\t<\/div>\n\t\t\t\t<\/div>\n\t\t\t\t<\/div>\n\t\t<div class=\"elementor-element elementor-element-14bbea6 e-con-full e-flex e-con e-parent\" data-id=\"14bbea6\" data-element_type=\"container\" data-settings=\"{&quot;background_background&quot;:&quot;classic&quot;}\" data-core-v316-plus=\"true\">\n\t\t\t\t<\/div>\n\t\t<div class=\"elementor-element elementor-element-4b4712c e-con-full e-flex e-con e-parent\" data-id=\"4b4712c\" data-element_type=\"container\" data-core-v316-plus=\"true\">\n\t\t<div class=\"elementor-element elementor-element-50b5ff8 e-con-full e-flex e-con e-parent\" data-id=\"50b5ff8\" data-element_type=\"container\" data-core-v316-plus=\"true\">\n\t\t<div class=\"elementor-element elementor-element-aaf4c6d e-con-full e-flex e-con e-parent\" data-id=\"aaf4c6d\" data-element_type=\"container\" data-core-v316-plus=\"true\">\n\t\t\t\t<div class=\"elementor-element elementor-element-5d67f83 elementor-widget elementor-widget-heading\" data-id=\"5d67f83\" data-element_type=\"widget\" data-widget_type=\"heading.default\">\n\t\t\t\t<div class=\"elementor-widget-container\">\n\t\t\t<h2 class=\"elementor-heading-title elementor-size-default\">Services<\/h2>\t\t<\/div>\n\t\t\t\t<\/div>\n\t\t\t\t<div class=\"elementor-element elementor-element-f0d7e15 elementor-widget elementor-widget-text-editor\" data-id=\"f0d7e15\" data-element_type=\"widget\" data-widget_type=\"text-editor.default\">\n\t\t\t\t<div class=\"elementor-widget-container\">\n\t\t\t\t\t\t\t<ul>\n<li>Constitution et gestion d&rsquo;\u00e9quipes GP<\/li>\n<li>Participation \u00e0 des \u00e9quipes GP en tant que planificateur d&rsquo;objets<\/li>\n<li>Coordination GP, gestion technique et \u00e9conomique GP<\/li>\n<li>\u00c9laboration et coordination des diff\u00e9rents honoraires et mod\u00e8les de prestations<\/li>\n<li>Gestion des contrats<\/li>\n<li>R\u00e9alisation des d\u00e9comptes d&rsquo;honoraires<\/li>\n<\/ul>\n\t\t\t\t\t\t<\/div>\n\t\t\t\t<\/div>\n\t\t\t\t<\/div>\n\t\t\t\t<\/div>\n\t\t\t\t<\/div>\n\t\t\t\t<\/div>\n\t\t\t\t<\/div>\n\t\t\t\t<\/div>\n\t\t","protected":false},"excerpt":{"rendered":"<p>Planification g\u00e9n\u00e9rale Souvent, nous traitons nos projets en tant que planificateur g\u00e9n\u00e9ral. Dans ce cadre, nous formons r\u00e9guli\u00e8rement des groupes de travail avec l&rsquo;architecte qui a con\u00e7u le projet. En nous appuyant sur notre vaste r\u00e9seau de planificateurs sp\u00e9cialis\u00e9s, de conseillers et d&rsquo;experts avec lesquels nous entretenons des collaborations de longue date, nous constituons des [&hellip;]<\/p>\n","protected":false},"author":1,"featured_media":0,"parent":0,"menu_order":0,"comment_status":"closed","ping_status":"closed","template":"","meta":{"footnotes":""},"class_list":["post-11196","page","type-page","status-publish","hentry"],"_links":{"self":[{"href":"https:\/\/hoehler-partner.de\/fr\/wp-json\/wp\/v2\/pages\/11196","targetHints":{"allow":["GET"]}}],"collection":[{"href":"https:\/\/hoehler-partner.de\/fr\/wp-json\/wp\/v2\/pages"}],"about":[{"href":"https:\/\/hoehler-partner.de\/fr\/wp-json\/wp\/v2\/types\/page"}],"author":[{"embeddable":true,"href":"https:\/\/hoehler-partner.de\/fr\/wp-json\/wp\/v2\/users\/1"}],"replies":[{"embeddable":true,"href":"https:\/\/hoehler-partner.de\/fr\/wp-json\/wp\/v2\/comments?post=11196"}],"version-history":[{"count":8,"href":"https:\/\/hoehler-partner.de\/fr\/wp-json\/wp\/v2\/pages\/11196\/revisions"}],"predecessor-version":[{"id":11237,"href":"https:\/\/hoehler-partner.de\/fr\/wp-json\/wp\/v2\/pages\/11196\/revisions\/11237"}],"wp:attachment":[{"href":"https:\/\/hoehler-partner.de\/fr\/wp-json\/wp\/v2\/media?parent=11196"}],"curies":[{"name":"wp","href":"https:\/\/api.w.org\/{rel}","templated":true}]}}