{"id":11202,"date":"2023-08-16T13:25:12","date_gmt":"2023-08-16T13:25:12","guid":{"rendered":"https:\/\/hoehler-partner.de\/bim"},"modified":"2024-07-09T11:57:37","modified_gmt":"2024-07-09T11:57:37","slug":"bim","status":"publish","type":"page","link":"https:\/\/hoehler-partner.de\/fr\/bim","title":{"rendered":"BIM"},"content":{"rendered":"\t\t<div data-elementor-type=\"wp-page\" data-elementor-id=\"11202\" class=\"elementor elementor-11202 elementor-4238\" data-elementor-post-type=\"page\">\n\t\t\t\t<div class=\"elementor-element elementor-element-2a11647 e-con-full e-flex e-con e-parent\" data-id=\"2a11647\" data-element_type=\"container\" data-settings=\"{&quot;background_background&quot;:&quot;classic&quot;}\" data-core-v316-plus=\"true\">\n\t\t<div class=\"elementor-element elementor-element-f6d9f9f e-con-full e-flex e-con e-child\" data-id=\"f6d9f9f\" data-element_type=\"container\" data-settings=\"{&quot;background_background&quot;:&quot;classic&quot;}\">\n\t\t\t\t<\/div>\n\t\t<div class=\"elementor-element elementor-element-935d725 e-con-full e-flex e-con e-child\" data-id=\"935d725\" data-element_type=\"container\" data-settings=\"{&quot;background_background&quot;:&quot;classic&quot;}\">\n\t\t<div class=\"elementor-element elementor-element-517ad6c e-con-full e-flex e-con e-child\" data-id=\"517ad6c\" data-element_type=\"container\">\n\t\t<div class=\"elementor-element elementor-element-521b0f4 e-con-full e-flex e-con e-child\" data-id=\"521b0f4\" data-element_type=\"container\">\n\t\t\t\t<\/div>\n\t\t<div class=\"elementor-element elementor-element-9c31148 e-con-full e-flex e-con e-child\" data-id=\"9c31148\" data-element_type=\"container\" data-settings=\"{&quot;background_background&quot;:&quot;classic&quot;}\">\n\t\t\t\t<div class=\"elementor-element elementor-element-70a99b5 elementor-invisible elementor-widget elementor-widget-heading\" data-id=\"70a99b5\" data-element_type=\"widget\" data-settings=\"{&quot;_animation&quot;:&quot;fadeInUp&quot;}\" data-widget_type=\"heading.default\">\n\t\t\t\t<div class=\"elementor-widget-container\">\n\t\t\t<style>\/*! elementor - v3.20.0 - 26-03-2024 *\/\n.elementor-heading-title{padding:0;margin:0;line-height:1}.elementor-widget-heading .elementor-heading-title[class*=elementor-size-]>a{color:inherit;font-size:inherit;line-height:inherit}.elementor-widget-heading .elementor-heading-title.elementor-size-small{font-size:15px}.elementor-widget-heading .elementor-heading-title.elementor-size-medium{font-size:19px}.elementor-widget-heading .elementor-heading-title.elementor-size-large{font-size:29px}.elementor-widget-heading .elementor-heading-title.elementor-size-xl{font-size:39px}.elementor-widget-heading .elementor-heading-title.elementor-size-xxl{font-size:59px}<\/style><h2 class=\"elementor-heading-title elementor-size-default\">Building Infor\u00admation Modeling<\/h2>\t\t<\/div>\n\t\t\t\t<\/div>\n\t\t\t\t<\/div>\n\t\t\t\t<\/div>\n\t\t<div class=\"elementor-element elementor-element-0775f5c e-con-full e-flex e-con e-child\" data-id=\"0775f5c\" data-element_type=\"container\">\n\t\t\t\t<\/div>\n\t\t\t\t<\/div>\n\t\t\t\t<\/div>\n\t\t<div class=\"elementor-element elementor-element-48173a5 e-con-full e-flex e-con e-parent\" data-id=\"48173a5\" data-element_type=\"container\" data-settings=\"{&quot;background_background&quot;:&quot;classic&quot;}\" data-core-v316-plus=\"true\">\n\t\t<div class=\"elementor-element elementor-element-b0fbc93 e-con-full e-flex e-con e-child\" data-id=\"b0fbc93\" data-element_type=\"container\">\n\t\t<div class=\"elementor-element elementor-element-38d4ad9 e-con-full e-flex e-con e-child\" data-id=\"38d4ad9\" data-element_type=\"container\">\n\t\t<div class=\"elementor-element elementor-element-d590f16 e-flex e-con-boxed e-con e-child\" data-id=\"d590f16\" data-element_type=\"container\">\n\t\t\t\t\t<div class=\"e-con-inner\">\n\t\t\t\t<div class=\"elementor-element elementor-element-047ecdc elementor-widget elementor-widget-image\" data-id=\"047ecdc\" data-element_type=\"widget\" data-widget_type=\"image.default\">\n\t\t\t\t<div class=\"elementor-widget-container\">\n\t\t\t<style>\/*! elementor - v3.20.0 - 26-03-2024 *\/\n.elementor-widget-image{text-align:center}.elementor-widget-image a{display:inline-block}.elementor-widget-image a img[src$=\".svg\"]{width:48px}.elementor-widget-image img{vertical-align:middle;display:inline-block}<\/style>\t\t\t\t\t\t\t\t\t\t<img fetchpriority=\"high\" decoding=\"async\" width=\"2560\" height=\"2224\" src=\"https:\/\/hoehler-partner.de\/wp-content\/uploads\/2023\/09\/3D_4-scaled.jpg\" class=\"attachment-full size-full wp-image-6273\" alt=\"\" srcset=\"https:\/\/hoehler-partner.de\/wp-content\/uploads\/2023\/09\/3D_4-scaled.jpg 2560w, https:\/\/hoehler-partner.de\/wp-content\/uploads\/2023\/09\/3D_4-300x261.jpg 300w, https:\/\/hoehler-partner.de\/wp-content\/uploads\/2023\/09\/3D_4-1024x890.jpg 1024w, https:\/\/hoehler-partner.de\/wp-content\/uploads\/2023\/09\/3D_4-768x667.jpg 768w, https:\/\/hoehler-partner.de\/wp-content\/uploads\/2023\/09\/3D_4-1536x1335.jpg 1536w, https:\/\/hoehler-partner.de\/wp-content\/uploads\/2023\/09\/3D_4-2048x1779.jpg 2048w\" sizes=\"(max-width: 2560px) 100vw, 2560px\" \/>\t\t\t\t\t\t\t\t\t\t\t\t\t<\/div>\n\t\t\t\t<\/div>\n\t\t\t\t\t<\/div>\n\t\t\t\t<\/div>\n\t\t\t\t<\/div>\n\t\t<div class=\"elementor-element elementor-element-ff59d60 e-con-full e-flex e-con e-child\" data-id=\"ff59d60\" data-element_type=\"container\" data-settings=\"{&quot;background_background&quot;:&quot;classic&quot;}\">\n\t\t\t\t<\/div>\n\t\t<div class=\"elementor-element elementor-element-df83fe8 e-con-full e-flex e-con e-child\" data-id=\"df83fe8\" data-element_type=\"container\">\n\t\t<div class=\"elementor-element elementor-element-e21fb32 e-con-full e-flex e-con e-child\" data-id=\"e21fb32\" data-element_type=\"container\">\n\t\t<div class=\"elementor-element elementor-element-409f3ff e-con-full e-flex e-con e-child\" data-id=\"409f3ff\" data-element_type=\"container\">\n\t\t\t\t<div class=\"elementor-element elementor-element-015eb35 elementor-widget elementor-widget-text-editor\" data-id=\"015eb35\" data-element_type=\"widget\" data-widget_type=\"text-editor.default\">\n\t\t\t\t<div class=\"elementor-widget-container\">\n\t\t\t<style>\/*! elementor - v3.20.0 - 26-03-2024 *\/\n.elementor-widget-text-editor.elementor-drop-cap-view-stacked .elementor-drop-cap{background-color:#69727d;color:#fff}.elementor-widget-text-editor.elementor-drop-cap-view-framed .elementor-drop-cap{color:#69727d;border:3px solid;background-color:transparent}.elementor-widget-text-editor:not(.elementor-drop-cap-view-default) .elementor-drop-cap{margin-top:8px}.elementor-widget-text-editor:not(.elementor-drop-cap-view-default) .elementor-drop-cap-letter{width:1em;height:1em}.elementor-widget-text-editor .elementor-drop-cap{float:left;text-align:center;line-height:1;font-size:50px}.elementor-widget-text-editor .elementor-drop-cap-letter{display:inline-block}<\/style>\t\t\t\t<p>La plupart de nos projets utilisent la m\u00e9thodologie BIM, mais la profondeur du traitement varie en fonction des exigences.<\/p><p>Les prestations que nous fournissons \u00e0 cet \u00e9gard sont \u00e9tendues et r\u00e9pondent aux exigences d&rsquo;information du client sp\u00e9cifiques au projet.<\/p><ul><li><div>le traitement des mod\u00e8les et le lien entre les donn\u00e9es des mod\u00e8les et les calculs de co\u00fbts<\/div><\/li><li><div>\u00c9valuation de mod\u00e8les lors de la cr\u00e9ation de cahiers de charges<\/div><\/li><li><div>Int\u00e9gration et contr\u00f4le de tous les formats courants<\/div><\/li><li><div>D\u00e9rivation et r\u00e9troaction des concepts de d\u00e9lais avec les mod\u00e8les BIM au cours du traitement ult\u00e9rieur du projet.<\/div><\/li><li><div>Fourniture de prestations de planification des phases de prestation 2 \u00e0 5 en BIM.<\/div><\/li><\/ul>\t\t\t\t\t\t<\/div>\n\t\t\t\t<\/div>\n\t\t\t\t<\/div>\n\t\t\t\t<\/div>\n\t\t<div class=\"elementor-element elementor-element-354ade5 e-con-full elementor-hidden-mobile e-flex e-con e-child\" data-id=\"354ade5\" data-element_type=\"container\" data-settings=\"{&quot;background_background&quot;:&quot;classic&quot;}\">\n\t\t\t\t<\/div>\n\t\t\t\t<\/div>\n\t\t\t\t<\/div>\n\t\t\t\t<\/div>\n\t\t\t\t<\/div>\n\t\t","protected":false},"excerpt":{"rendered":"<p>Building Infor\u00admation Modeling La plupart de nos projets utilisent la m\u00e9thodologie BIM, mais la profondeur du traitement varie en fonction des exigences. Les prestations que nous fournissons \u00e0 cet \u00e9gard sont \u00e9tendues et r\u00e9pondent aux exigences d&rsquo;information du client sp\u00e9cifiques au projet. le traitement des mod\u00e8les et le lien entre les donn\u00e9es des mod\u00e8les et [&hellip;]<\/p>\n","protected":false},"author":1,"featured_media":0,"parent":0,"menu_order":0,"comment_status":"closed","ping_status":"closed","template":"","meta":{"footnotes":""},"class_list":["post-11202","page","type-page","status-publish","hentry"],"_links":{"self":[{"href":"https:\/\/hoehler-partner.de\/fr\/wp-json\/wp\/v2\/pages\/11202","targetHints":{"allow":["GET"]}}],"collection":[{"href":"https:\/\/hoehler-partner.de\/fr\/wp-json\/wp\/v2\/pages"}],"about":[{"href":"https:\/\/hoehler-partner.de\/fr\/wp-json\/wp\/v2\/types\/page"}],"author":[{"embeddable":true,"href":"https:\/\/hoehler-partner.de\/fr\/wp-json\/wp\/v2\/users\/1"}],"replies":[{"embeddable":true,"href":"https:\/\/hoehler-partner.de\/fr\/wp-json\/wp\/v2\/comments?post=11202"}],"version-history":[{"count":13,"href":"https:\/\/hoehler-partner.de\/fr\/wp-json\/wp\/v2\/pages\/11202\/revisions"}],"predecessor-version":[{"id":12052,"href":"https:\/\/hoehler-partner.de\/fr\/wp-json\/wp\/v2\/pages\/11202\/revisions\/12052"}],"wp:attachment":[{"href":"https:\/\/hoehler-partner.de\/fr\/wp-json\/wp\/v2\/media?parent=11202"}],"curies":[{"name":"wp","href":"https:\/\/api.w.org\/{rel}","templated":true}]}}