{"id":11456,"date":"2023-12-02T18:46:59","date_gmt":"2023-12-02T18:46:59","guid":{"rendered":"https:\/\/hoehler-partner.de\/mentions-legales"},"modified":"2024-01-22T17:52:21","modified_gmt":"2024-01-22T17:52:21","slug":"mentions-legales","status":"publish","type":"page","link":"https:\/\/hoehler-partner.de\/fr\/mentions-legales","title":{"rendered":"Mentions l\u00e9gales"},"content":{"rendered":"\t\t<div data-elementor-type=\"wp-page\" data-elementor-id=\"11456\" class=\"elementor elementor-11456 elementor-9185\" data-elementor-post-type=\"page\">\n\t\t\t\t<div class=\"elementor-element elementor-element-6561950 e-flex e-con-boxed e-con e-parent\" data-id=\"6561950\" data-element_type=\"container\" data-core-v316-plus=\"true\">\n\t\t\t\t\t<div class=\"e-con-inner\">\n\t\t\t\t<div class=\"elementor-element elementor-element-46d8e7a elementor-widget elementor-widget-heading\" data-id=\"46d8e7a\" data-element_type=\"widget\" data-widget_type=\"heading.default\">\n\t\t\t\t<div class=\"elementor-widget-container\">\n\t\t\t<style>\/*! elementor - v3.20.0 - 26-03-2024 *\/\n.elementor-heading-title{padding:0;margin:0;line-height:1}.elementor-widget-heading .elementor-heading-title[class*=elementor-size-]>a{color:inherit;font-size:inherit;line-height:inherit}.elementor-widget-heading .elementor-heading-title.elementor-size-small{font-size:15px}.elementor-widget-heading .elementor-heading-title.elementor-size-medium{font-size:19px}.elementor-widget-heading .elementor-heading-title.elementor-size-large{font-size:29px}.elementor-widget-heading .elementor-heading-title.elementor-size-xl{font-size:39px}.elementor-widget-heading .elementor-heading-title.elementor-size-xxl{font-size:59px}<\/style><h1 class=\"elementor-heading-title elementor-size-default\">Mentions l\u00e9gales<\/h1>\t\t<\/div>\n\t\t\t\t<\/div>\n\t\t\t\t<div class=\"elementor-element elementor-element-e6d8e33 elementor-widget elementor-widget-text-editor\" data-id=\"e6d8e33\" data-element_type=\"widget\" data-widget_type=\"text-editor.default\">\n\t\t\t\t<div class=\"elementor-widget-container\">\n\t\t\t<style>\/*! elementor - v3.20.0 - 26-03-2024 *\/\n.elementor-widget-text-editor.elementor-drop-cap-view-stacked .elementor-drop-cap{background-color:#69727d;color:#fff}.elementor-widget-text-editor.elementor-drop-cap-view-framed .elementor-drop-cap{color:#69727d;border:3px solid;background-color:transparent}.elementor-widget-text-editor:not(.elementor-drop-cap-view-default) .elementor-drop-cap{margin-top:8px}.elementor-widget-text-editor:not(.elementor-drop-cap-view-default) .elementor-drop-cap-letter{width:1em;height:1em}.elementor-widget-text-editor .elementor-drop-cap{float:left;text-align:center;line-height:1;font-size:50px}.elementor-widget-text-editor .elementor-drop-cap-letter{display:inline-block}<\/style>\t\t\t\t<div class=\"row clearfix\">\n<div class=\"col_66\">\n<p>H\u00f6hler+Partner<br \/>Architekten und Beratende Ingenieure PartGmbB<\/p>\n<p>Partenaires autoris\u00e9s \u00e0 repr\u00e9senter<br \/>Dipl. Ing. Karin H\u00f6hler &#8211; Architecte<br \/>Dipl. Ing. Olaf Pudenz &#8211; Architecte<br \/>Dipl. Ing. Andreas Thieves &#8211; Architecte<br \/>Dipl. Ing. Kathrin Becker &#8211; Architecte<br \/>Dipl. Ing. Felix Memminger &#8211; Ing\u00e9nieur civil<br \/>Dipl. Ing. Timo Wahner &#8211; Architecte<\/p>\n<p>PR Essen 3413<br \/>N\u00b0 de TVA : DE218130674<\/p>\n<p>Si\u00e8ge de la soci\u00e9t\u00e9 : Aix-la-Chapelle<\/p>\n<p>Sonnenweg 11 A<br \/>52070 Aachen<br \/>T\u00e9l\u00e9phone +49 241 1809-0<br \/>T\u00e9l\u00e9copieur +49 241 1809-500<br \/>Courrier \u00e9lectronique : <a href=\"mailto:aachen@hoehler-partner.de\">aachen@hoehler-partner.de<\/p>\n<p><\/a><\/p>\n<p>Succursales :<\/p>\n<p>M\u00f6nkedamm 9<br \/>20457 Hamburg<br \/>T\u00e9l\u00e9phone +49 40 22 630 63-0<br \/>T\u00e9l\u00e9copieur +49 40 22 630 63-49<br \/>Courrier \u00e9lectronique : <a href=\"mailto:hamburg@hoehler-partner.de\">hamburg@hoehler-partner.de<\/a><\/p>\n<p>Ismaninger Stra\u00dfe 57<br \/>81675 M\u00fcnchen<br \/>T\u00e9l\u00e9phone +49 89 244 1037-40<br \/>T\u00e9l\u00e9copieur +49 89 244 1037-69<br \/>Courrier \u00e9lectronique : <a href=\"https:\/\/hoehler-partner.de\/de\/muenchen@hoehler-partner.de\">muenchen@hoehler-partner.de<\/a><\/p>\n<p>58, rue Mommsen<br \/>10629 Berlin<br \/>T\u00e9l\u00e9phone +49 (0)30 92 107 88-0<br \/>E-mail : <a href=\"mailto:berlin@hoehler-partner.de\">berlin@hoehler-partner.de<\/p>\n<p><\/a>Informations obligatoires selon \u00a7 5 TMG :<br \/>Loi sur les chambres de construction de Rh\u00e9nanie-du-Nord-Westphalie (BauKaG NRW)  <br \/>D\u00e9cret d&rsquo;application de la loi sur les chambres de construction (DVO BauKG NRW)  <br \/>Statuts de la Chambre des architectes NRW, F\u00e9d\u00e9ration des architectes allemands  <br \/>Les r\u00e8glements professionnels mentionn\u00e9s sont accessibles sur le site Internet de la Chambre des architectes de Rh\u00e9nanie-du-Nord-Westphalie, rubrique \u00ab\u00a0Membres \/ Lois, d\u00e9crets\u00a0\u00bb.<br \/><a href=\"mailto:berlin@hoehler-partner.de\"><br \/><\/a><\/p>\n<p>Assurance responsabilit\u00e9 civile professionnelle aupr\u00e8s de VHV Allgemeine Versicherung AG<\/p>\n<p>R\u00e9daction &#8211; Responsable selon \u00a718 Abs. 2 TMF<\/p>\n<p>Ing\u00e9nieur dipl\u00f4m\u00e9 Karin H\u00f6hler<br \/>Associ\u00e9e chez H\u00f6hler+Partner<br \/>Sonnenweg 11 A \u00e0 52070 Aix-la-Chapelle<\/p>\n<p class=\"nobottomspacing\">Design\/concept<br \/>Astrid Grahl, <a href=\"http:\/\/www.lutzmenzedesign.de\/\" target=\"_blank\" rel=\"noopener\">Lutz Menze Design<\/a><\/p>\n<p>R\u00e9alisation technique<br \/><a href=\"http:\/\/www.ipdienste.net\/\" target=\"_blank\" rel=\"noopener\">ip plus GmbH &amp; Co. KG<\/a><\/p>\n<p>Photographie\/plans<br \/>Barkow Leibinger<br \/>Benthem Crouwel<br \/>Bieling Architectes<br \/>Cadman Real Estate Marketing<br \/>DEVELOPMENT PARTNER AG<br \/>Prince D\u00e9velopp\u00e9<br \/>foto-werk.ch<br \/>kister scheithauer gross architectes<br \/>Klaus Frahm<br \/>Kohn Pedersen Fox Associates<br \/>Koch+Partner architectes et urbanistes\/vize.com<br \/>Photographe Ohge<br \/>Henning Kreft<br \/>KSG Architectes et urbanistes GmbH<br \/>MACINA pour ARGE KSP &amp; KUK<br \/>Stefan M\u00fcller<br \/>schmidt hammer laisser architects<br \/>studioMDA<br \/>Ingrid Zydko<br \/>Kaan Architecten<br \/>Union Investment Real Estate GmbH<br \/>Finest-Images<br \/>RKW Architektur &amp; St\u00e4dtebau et Meyer Architekten<br \/>gmp Architectes von Gerkan, Marg und Partner<br \/>J.Mayer H. et partenaires, architectes<br \/>Carola Kohler<br \/>Stresemannquartier GmbH&amp;Co. KG<br \/>Bernd Albers, Soci\u00e9t\u00e9 d&rsquo;architectes mbH<br \/>Chestnutt_Niess Architectes BDA<br \/>w\u00f6rner traxler richter<br \/>Ing\u00e9nieurs HW<br \/>W&amp;W AG<br \/>HHVISION<br \/>St\u00f6rmer Murphy and Partners GmbH<br \/>Barkow Leibinger\/Grau Visuals, Berlin  <br \/>www.staytoo.de <a href=\"http:\/\/www.staytoo.de\/\"><br \/> Dorte Mandrup A\/S \/ MIR<\/a><a href=\"https:\/\/www.mir.no\/work\/\">(https:\/\/www.mir.no\/work\/)<\/a><br \/>Frank Kind Photography<br \/>kister scheithauer gross \/ rendertaxi.  <\/p>\n<\/div>\n<\/div>\n<p class=\"nobottomspacing\">.<\/p>\n\t\t\t\t\t\t<\/div>\n\t\t\t\t<\/div>\n\t\t\t\t\t<\/div>\n\t\t\t\t<\/div>\n\t\t\t\t<\/div>\n\t\t","protected":false},"excerpt":{"rendered":"<p>Mentions l\u00e9gales H\u00f6hler+PartnerArchitekten und Beratende Ingenieure PartGmbB Partenaires autoris\u00e9s \u00e0 repr\u00e9senterDipl. Ing. Karin H\u00f6hler &#8211; ArchitecteDipl. Ing. Olaf Pudenz &#8211; ArchitecteDipl. Ing. Andreas Thieves &#8211; ArchitecteDipl. Ing. Kathrin Becker &#8211; ArchitecteDipl. Ing. Felix Memminger &#8211; Ing\u00e9nieur civilDipl. Ing. Timo Wahner &#8211; Architecte PR Essen 3413N\u00b0 de TVA : DE218130674 Si\u00e8ge de la soci\u00e9t\u00e9 : Aix-la-Chapelle [&hellip;]<\/p>\n","protected":false},"author":1,"featured_media":0,"parent":0,"menu_order":0,"comment_status":"closed","ping_status":"closed","template":"","meta":{"footnotes":""},"class_list":["post-11456","page","type-page","status-publish","hentry"],"_links":{"self":[{"href":"https:\/\/hoehler-partner.de\/fr\/wp-json\/wp\/v2\/pages\/11456","targetHints":{"allow":["GET"]}}],"collection":[{"href":"https:\/\/hoehler-partner.de\/fr\/wp-json\/wp\/v2\/pages"}],"about":[{"href":"https:\/\/hoehler-partner.de\/fr\/wp-json\/wp\/v2\/types\/page"}],"author":[{"embeddable":true,"href":"https:\/\/hoehler-partner.de\/fr\/wp-json\/wp\/v2\/users\/1"}],"replies":[{"embeddable":true,"href":"https:\/\/hoehler-partner.de\/fr\/wp-json\/wp\/v2\/comments?post=11456"}],"version-history":[{"count":3,"href":"https:\/\/hoehler-partner.de\/fr\/wp-json\/wp\/v2\/pages\/11456\/revisions"}],"predecessor-version":[{"id":11459,"href":"https:\/\/hoehler-partner.de\/fr\/wp-json\/wp\/v2\/pages\/11456\/revisions\/11459"}],"wp:attachment":[{"href":"https:\/\/hoehler-partner.de\/fr\/wp-json\/wp\/v2\/media?parent=11456"}],"curies":[{"name":"wp","href":"https:\/\/api.w.org\/{rel}","templated":true}]}}