{"id":11465,"date":"2023-12-02T18:51:03","date_gmt":"2023-12-02T18:51:03","guid":{"rendered":"https:\/\/hoehler-partner.de\/protection-des-donnees"},"modified":"2024-01-22T17:53:59","modified_gmt":"2024-01-22T17:53:59","slug":"protection-des-donnees","status":"publish","type":"page","link":"https:\/\/hoehler-partner.de\/fr\/protection-des-donnees","title":{"rendered":"Protection des donn\u00e9es"},"content":{"rendered":"\t\t<div data-elementor-type=\"wp-page\" data-elementor-id=\"11465\" class=\"elementor elementor-11465 elementor-9190\" data-elementor-post-type=\"page\">\n\t\t\t\t<div class=\"elementor-element elementor-element-06a447b e-flex e-con-boxed e-con e-parent\" data-id=\"06a447b\" data-element_type=\"container\" data-core-v316-plus=\"true\">\n\t\t\t\t\t<div class=\"e-con-inner\">\n\t\t\t\t<div class=\"elementor-element elementor-element-da95249 elementor-widget elementor-widget-heading\" data-id=\"da95249\" data-element_type=\"widget\" data-widget_type=\"heading.default\">\n\t\t\t\t<div class=\"elementor-widget-container\">\n\t\t\t<style>\/*! elementor - v3.20.0 - 26-03-2024 *\/\n.elementor-heading-title{padding:0;margin:0;line-height:1}.elementor-widget-heading .elementor-heading-title[class*=elementor-size-]>a{color:inherit;font-size:inherit;line-height:inherit}.elementor-widget-heading .elementor-heading-title.elementor-size-small{font-size:15px}.elementor-widget-heading .elementor-heading-title.elementor-size-medium{font-size:19px}.elementor-widget-heading .elementor-heading-title.elementor-size-large{font-size:29px}.elementor-widget-heading .elementor-heading-title.elementor-size-xl{font-size:39px}.elementor-widget-heading .elementor-heading-title.elementor-size-xxl{font-size:59px}<\/style><h1 class=\"elementor-heading-title elementor-size-default\">D\u00e9claration de confidentialit\u00e9<\/h1>\t\t<\/div>\n\t\t\t\t<\/div>\n\t\t\t\t<div class=\"elementor-element elementor-element-697d816 elementor-widget elementor-widget-text-editor\" data-id=\"697d816\" data-element_type=\"widget\" data-widget_type=\"text-editor.default\">\n\t\t\t\t<div class=\"elementor-widget-container\">\n\t\t\t<style>\/*! elementor - v3.20.0 - 26-03-2024 *\/\n.elementor-widget-text-editor.elementor-drop-cap-view-stacked .elementor-drop-cap{background-color:#69727d;color:#fff}.elementor-widget-text-editor.elementor-drop-cap-view-framed .elementor-drop-cap{color:#69727d;border:3px solid;background-color:transparent}.elementor-widget-text-editor:not(.elementor-drop-cap-view-default) .elementor-drop-cap{margin-top:8px}.elementor-widget-text-editor:not(.elementor-drop-cap-view-default) .elementor-drop-cap-letter{width:1em;height:1em}.elementor-widget-text-editor .elementor-drop-cap{float:left;text-align:center;line-height:1;font-size:50px}.elementor-widget-text-editor .elementor-drop-cap-letter{display:inline-block}<\/style>\t\t\t\t<div class=\"row clearfix\">\n<div class=\"col_66\">\n<p>H\u00f6hler+Partner attache une grande importance \u00e0 la protection de votre vie priv\u00e9e lorsque vous utilisez ce site Internet. Avec la d\u00e9claration de protection des donn\u00e9es ci-dessous, nous vous informons sur les donn\u00e9es personnelles collect\u00e9es lors de l&rsquo;utilisation de notre site Internet et sur la mani\u00e8re dont nous traitons, utilisons et prot\u00e9geons ces donn\u00e9es.  <\/p>\n<\/p>\n<h3><strong>1) le nom et les coordonn\u00e9es du responsable du traitement<\/strong><\/h3>\n<p>Cette information s&rsquo;applique au traitement des donn\u00e9es par :<\/p>\n<p>H\u00f6hler+Partner Architekten und Beratende Ingenieure PartGmbB, Sonnenweg 11 A , 52070 Aachen<\/p>\n<p>Courrier \u00e9lectronique : aachen@hoehler-partner.de<br \/>T\u00e9l\u00e9phone : +49 241 1809-0<br \/>T\u00e9l\u00e9copieur : +49 241 1809-500<\/p>\n<p>H\u00f6hler+Partner Architekten und Beratende Ingenieure PartGmbB est \u00e9galement responsable des contenus des entreprises li\u00e9es suivantes qui sont reli\u00e9s sur la page d&rsquo;accueil : H+P Planungsgesellschaft mbH &amp; Co.KG, H+P Objektplanung Aachen GmbH, H+P Objektplanung S\u00fcd GmbH, H+P Objektplanung International GmbH.<\/p>\n<\/p>\n<h3><strong>2) la collecte et l&rsquo;enregistrement des donn\u00e9es \u00e0 caract\u00e8re personnel ainsi que la nature et la finalit\u00e9 de leur utilisation<\/strong><\/h3>\n<p>a) lors de la visite du site web<\/p>\n<p>Lorsque vous consultez notre site www.hoehler-partner.de, le navigateur utilis\u00e9 sur votre terminal envoie automatiquement des informations au serveur de notre site. Ces informations sont stock\u00e9es temporairement dans un fichier dit \u00ab\u00a0log\u00a0\u00bb. Les informations suivantes sont alors collect\u00e9es sans votre intervention et stock\u00e9es jusqu&rsquo;\u00e0 leur suppression automatis\u00e9e :<\/p>\n<ul>\n<li>Adresse IP de l&rsquo;ordinateur demandeur,<\/li>\n<li>la date et l&rsquo;heure de l&rsquo;acc\u00e8s,<\/li>\n<li>Nom et URL du fichier consult\u00e9,<\/li>\n<li>site web \u00e0 partir duquel l&rsquo;acc\u00e8s a eu lieu (URL de r\u00e9f\u00e9rence),<\/li>\n<li>le navigateur utilis\u00e9 et, le cas \u00e9ch\u00e9ant, le syst\u00e8me d&rsquo;exploitation de votre ordinateur ainsi que le nom de votre fournisseur d&rsquo;acc\u00e8s.<\/li>\n<\/ul>\n<p>Les donn\u00e9es susmentionn\u00e9es sont trait\u00e9es par nos soins aux fins suivantes :<\/p>\n<ul>\n<li>garantir le bon fonctionnement de la connexion au site web,<\/li>\n<li>garantir une utilisation confortable de notre site web,<\/li>\n<li>l&rsquo;\u00e9valuation de la s\u00e9curit\u00e9 et de la stabilit\u00e9 du syst\u00e8me, et<\/li>\n<li>\u00e0 d&rsquo;autres fins administratives.<\/li>\n<\/ul>\n<p>La base juridique pour le traitement des donn\u00e9es est l&rsquo;art. 6, al. 1 p. 1 lit. f du RGPD. Notre int\u00e9r\u00eat l\u00e9gitime d\u00e9coule des objectifs de collecte de donn\u00e9es \u00e9num\u00e9r\u00e9s ci-dessus. En aucun cas, nous n&rsquo;utilisons les donn\u00e9es collect\u00e9es dans le but de tirer des conclusions sur votre personne.<\/p>\n<p>En outre, nous utilisons des cookies et des services d&rsquo;analyse lors de la visite de notre site web. Vous trouverez de plus amples explications \u00e0 ce sujet aux ch. 4 et 5 de la pr\u00e9sente d\u00e9claration de confidentialit\u00e9.<\/p>\n<p>b) En cas d&rsquo;utilisation de notre formulaire de contact<\/p>\n<p>Pour toute question, nous vous offrons la possibilit\u00e9 de nous contacter via un formulaire mis \u00e0 disposition sur le site. Dans ce cadre, il est n\u00e9cessaire d&rsquo;indiquer une adresse e-mail valide afin que nous sachions de qui provient la demande et que nous puissions y r\u00e9pondre. D&rsquo;autres informations peuvent \u00eatre fournies volontairement.<\/p>\n<p>Le traitement des donn\u00e9es \u00e0 des fins de prise de contact avec nous est effectu\u00e9 conform\u00e9ment \u00e0 l&rsquo;art. 6 al. 1 p. 1 lit. a RGPD sur la base de votre consentement volontaire ou conform\u00e9ment \u00e0 l&rsquo;art. 6 al. 1 lit. b RGPD pour l&rsquo;ex\u00e9cution de mesures pr\u00e9contractuelles prises \u00e0 votre demande, lorsque vous utilisez le formulaire de contact parce que vous souhaitez conclure un contrat avec nous.<\/p>\n<p>Les donn\u00e9es personnelles que nous collectons pour l&rsquo;utilisation du formulaire de contact sont automatiquement supprim\u00e9es apr\u00e8s l&rsquo;ex\u00e9cution de la demande que vous avez formul\u00e9e.<\/p>\n<\/p>\n<h3><strong>3. transmission de donn\u00e9es<\/strong><\/h3>\n<p>Vos donn\u00e9es personnelles ne seront pas transmises \u00e0 des tiers \u00e0 des fins autres que celles mentionn\u00e9es ci-dessous.<\/p>\n<p>Nous ne transmettons vos donn\u00e9es personnelles \u00e0 des tiers que si :<\/p>\n<ul>\n<li>Vous avez transmis vos donn\u00e9es personnelles conform\u00e9ment \u00e0 l&rsquo;art. 6 al. 1 p. 1 lit. a du RGPD,<\/li>\n<li>la transmission conform\u00e9ment \u00e0 l&rsquo;art. 6 al. 1 p. 1 lit. f du RGPD est n\u00e9cessaire \u00e0 la constatation, \u00e0 l&rsquo;exercice ou \u00e0 la d\u00e9fense de droits en justice et qu&rsquo;il n&rsquo;existe aucune raison de supposer que vous avez un int\u00e9r\u00eat l\u00e9gitime pr\u00e9pond\u00e9rant \u00e0 ce que vos donn\u00e9es ne soient pas communiqu\u00e9es,<\/li>\n<li>dans le cas o\u00f9 la transmission est n\u00e9cessaire conform\u00e9ment \u00e0 l&rsquo;art. 6 al. 1 p. 1 lit. c du RGPD, il existe une obligation l\u00e9gale, ainsi que<\/li>\n<li>si la loi l&rsquo;autorise et si l&rsquo;article 6, paragraphe 6, le pr\u00e9voit. 1 p. 1 lit. b du RGPD est n\u00e9cessaire \u00e0 l&rsquo;ex\u00e9cution des relations contractuelles avec vous.<\/li>\n<\/ul>\n<h3><strong>4. les cookies<\/strong><\/h3>\n<p>Nous utilisons des cookies sur notre site. Il s&rsquo;agit de petits fichiers que votre navigateur cr\u00e9e automatiquement et qui sont enregistr\u00e9s sur votre terminal (ordinateur portable, tablette, smartphone ou autre) lorsque vous visitez notre site. Les cookies n&rsquo;endommagent pas votre terminal et ne contiennent pas de virus, de chevaux de Troie ou d&rsquo;autres logiciels malveillants.<\/p>\n<p>Des informations sont d\u00e9pos\u00e9es dans le cookie en rapport avec le terminal sp\u00e9cifique utilis\u00e9. Cela ne signifie toutefois pas que nous prenons directement connaissance de votre identit\u00e9.<\/p>\n<p>Nous utilisons des cookies pour enregistrer statistiquement l&rsquo;utilisation de notre site web et l&rsquo;\u00e9valuer dans le but d&rsquo;optimiser notre offre pour vous (voir point 5). Ces cookies nous permettent de reconna\u00eetre automatiquement que vous \u00eates d\u00e9j\u00e0 venu sur notre site lorsque vous le visitez \u00e0 nouveau. Ces cookies sont automatiquement supprim\u00e9s apr\u00e8s une p\u00e9riode d\u00e9finie.<\/p>\n<p>Les donn\u00e9es trait\u00e9es par les cookies sont n\u00e9cessaires aux fins mentionn\u00e9es pour prot\u00e9ger nos int\u00e9r\u00eats l\u00e9gitimes ainsi que ceux de tiers conform\u00e9ment \u00e0 l&rsquo;article 6, paragraphe 1, de la loi sur la protection des donn\u00e9es. 1 p. 1 lit. f du RGPD est n\u00e9cessaire.<\/p>\n<p>La plupart des navigateurs acceptent automatiquement les cookies. Vous pouvez toutefois configurer votre navigateur de mani\u00e8re \u00e0 ce qu&rsquo;aucun cookie ne soit enregistr\u00e9 sur votre ordinateur ou qu&rsquo;un message s&rsquo;affiche toujours avant la cr\u00e9ation d&rsquo;un nouveau cookie. Toutefois, la d\u00e9sactivation compl\u00e8te des cookies peut vous emp\u00eacher d&rsquo;utiliser toutes les fonctionnalit\u00e9s de notre site.<\/p>\n<\/p>\n<h3><strong>5. outils d&rsquo;analyse  <\/strong><\/h3>\n<p>Outils de suivi : Les mesures de suivi que nous utilisons et qui sont \u00e9num\u00e9r\u00e9es ci-dessous sont mises en \u0153uvre sur la base de l&rsquo;article 6, paragraphe 1, de la loi sur la protection des donn\u00e9es. 1 p. 1 lit. f du RGPD. Avec les mesures de suivi utilis\u00e9es, nous voulons garantir une conception adapt\u00e9e aux besoins et une optimisation continue de notre site web. D&rsquo;autre part, nous utilisons les mesures de suivi pour enregistrer statistiquement l&rsquo;utilisation de notre site web et l&rsquo;\u00e9valuer dans le but d&rsquo;optimiser notre offre pour vous. Ces int\u00e9r\u00eats doivent \u00eatre consid\u00e9r\u00e9s comme l\u00e9gitimes au sens de la disposition susmentionn\u00e9e.<\/p>\n<p>Les finalit\u00e9s respectives du traitement des donn\u00e9es et les cat\u00e9gories de donn\u00e9es sont indiqu\u00e9es dans les outils de suivi correspondants.<\/p>\n<p>Google Analytics<\/p>\n<p>Dans le but d&rsquo;une conception adapt\u00e9e aux besoins et d&rsquo;une optimisation continue de nos pages, nous utilisons Google Analytics, un service d&rsquo;analyse web de Google Inc. (https:\/\/www.google.de\/ intl\/fr\/abouth (1600 Amphitheatre Parkway, Mountain View, CA 94043, \u00c9tats-Unis ; ci-apr\u00e8s d\u00e9nomm\u00e9 \u00ab\u00a0Google\u00a0\u00bb). Dans ce contexte, des profils d&rsquo;utilisation pseudonymis\u00e9s sont \u00e9tablis et des cookies (voir sous chiffre 4) sont utilis\u00e9s. Les informations g\u00e9n\u00e9r\u00e9es par le cookie concernant votre utilisation de ce site web sont transmises \u00e0 un serveur de Google aux \u00c9tats-Unis et y sont enregistr\u00e9es. Ces informations sont utilis\u00e9es pour \u00e9valuer l&rsquo;utilisation du site web, pour \u00e9tablir des rapports sur les activit\u00e9s du site web et pour fournir d&rsquo;autres services li\u00e9s \u00e0 l&rsquo;utilisation du site web et d&rsquo;Internet \u00e0 des fins d&rsquo;\u00e9tude de march\u00e9 et de conception de ces pages web en fonction des besoins. Le cas \u00e9ch\u00e9ant, ces informations sont \u00e9galement transmises \u00e0 des tiers, dans la mesure o\u00f9 cela est prescrit par la loi ou si des tiers traitent ces donn\u00e9es sur mandat. En aucun cas, votre adresse IP ne sera recoup\u00e9e avec d&rsquo;autres donn\u00e9es de Google. Les adresses IP sont rendues anonymes, de sorte qu&rsquo;une attribution n&rsquo;est pas possible (masquage IP).<\/p>\n<p>Vous pouvez emp\u00eacher l&rsquo;installation des cookies en param\u00e9trant votre navigateur en cons\u00e9quence ; nous attirons toutefois votre attention sur le fait que, dans ce cas, vous ne pourrez peut-\u00eatre pas utiliser toutes les fonctions de ce site web dans leur int\u00e9gralit\u00e9.<\/p>\n<p>Vous pouvez en outre emp\u00eacher la saisie des donn\u00e9es g\u00e9n\u00e9r\u00e9es par le cookie et relatives \u00e0 votre utilisation du site Web (y compris votre adresse IP) ainsi que le traitement de ces donn\u00e9es par Google en <strong>t\u00e9l\u00e9chargeant et en installant un module compl\u00e9mentaire de navigateur<\/strong><a title=\"Ouvrir le lien externe dans une nouvelle fen\u00eatre\" href=\"https:\/\/tools.google.com.\/dlpage\/gaoptout?hl=de\" target=\"_blank\" rel=\"noopener\">(https:\/\/tools.google.com.\/dlpage\/gaoptout?hl=de)<\/a>.<\/p>\n<p>Vous trouverez de plus amples informations sur la protection des donn\u00e9es en rapport avec Google Analytics dans l&rsquo;aide Google Analytics<a title=\"Ouvrir le lien externe dans une nouvelle fen\u00eatre\" href=\"https:\/\/support.google.com\/analytics\/answer\/6004245?hl=de\" target=\"_blank\" rel=\"noopener\">(https:\/\/support.google.com\/analytics\/answer\/6004245?hl=de)<\/a>.<\/p>\n<\/p>\n<h3><strong>6. plug-ins de m\u00e9dias sociaux, liens<\/strong><\/h3>\n<p>H\u00f6hler+Partner est \u00e9galement pr\u00e9sent sur les r\u00e9seaux sociaux en ligne propos\u00e9s par d&rsquo;autres entreprises (par ex. Facebook, LinkedIn, Instagram, etc.).<\/p>\n<p>Veuillez noter que l&rsquo;enregistrement et l&rsquo;utilisation de ces r\u00e9seaux en ligne sont soumis aux conditions d&rsquo;utilisation et de protection des donn\u00e9es respectives de ces entreprises.<\/p>\n<p>Vous trouverez ici des d\u00e9tails sur le traitement des donn\u00e9es :<\/p>\n<p>https:\/\/www.facebook.com\/about\/privacy<\/p>\n<p>https:\/\/www.linkedin.com\/legal\/privacy-policy?_l=de_DE<\/p>\n<p>https:\/\/help.instagram.com\/155833707900388\/<\/p>\n<p>https:\/\/policies.google.com\/privacy<\/p>\n<p>Bien que nous choisissions soigneusement nos partenaires commerciaux, nous ne pouvons pas garantir et assumer la responsabilit\u00e9 de l&rsquo;exactitude ou de l&rsquo;exhaustivit\u00e9 des contenus et de la s\u00e9curit\u00e9 des donn\u00e9es des sites web de tiers. Par cons\u00e9quent, cette d\u00e9claration de protection des donn\u00e9es ne s&rsquo;applique pas aux sites web de tiers vers lesquels des liens sont \u00e9tablis.<\/p>\n<p>En tant que fournisseur de contenus, H\u00f6hler+Partner est responsable des propres contenus que nous mettons \u00e0 disposition pour l&rsquo;utilisation, conform\u00e9ment aux lois g\u00e9n\u00e9rales. Il convient de distinguer ces contenus propres des renvois (\u00ab\u00a0liens externes\u00a0\u00bb) vers les contenus mis \u00e0 disposition par d&rsquo;autres fournisseurs. Ces contenus \u00e9trangers ne proviennent pas de H\u00f6hler+Partner et H\u00f6hler+Partner n&rsquo;a pas la possibilit\u00e9 d&rsquo;influencer le contenu des pages de tiers. Le contenu des pages de tiers auxquelles H\u00f6hler+Partner renvoie au moyen de liens ne refl\u00e8te pas l&rsquo;opinion de H\u00f6hler+Partner Architekten und Beratende Ingenieure PartGmbB, mais sert uniquement \u00e0 l&rsquo;information et \u00e0 la pr\u00e9sentation des liens.<\/p>\n<\/p>\n<h3><strong>7. droits des personnes concern\u00e9es<\/strong><\/h3>\n<p>Vous avez le droit<\/p>\n<ul>\n<li>de demander, conform\u00e9ment \u00e0 l&rsquo;article 15 du RGPD, des informations sur les donn\u00e9es personnelles que nous traitons \u00e0 votre sujet. Vous pouvez notamment demander des informations sur les finalit\u00e9s du traitement, la cat\u00e9gorie de donn\u00e9es \u00e0 caract\u00e8re personnel, les cat\u00e9gories de destinataires auxquels vos donn\u00e9es ont \u00e9t\u00e9 ou seront divulgu\u00e9es, la dur\u00e9e de conservation pr\u00e9vue, l&rsquo;existence d&rsquo;un droit de rectification, d&rsquo;effacement, de limitation du traitement ou d&rsquo;opposition, l&rsquo;existence d&rsquo;un droit de recours, l&rsquo;origine de vos donn\u00e9es si elles n&rsquo;ont pas \u00e9t\u00e9 collect\u00e9es aupr\u00e8s de nous, ainsi que sur l&rsquo;existence d&rsquo;une prise de d\u00e9cision automatis\u00e9e, y compris le profilage, et, le cas \u00e9ch\u00e9ant, des informations pertinentes sur les d\u00e9tails de cette prise de d\u00e9cision ;<\/li>\n<li>conform\u00e9ment \u00e0 l&rsquo;article 16 du RGPD, d&rsquo;exiger sans d\u00e9lai la rectification des donn\u00e9es \u00e0 caract\u00e8re personnel vous concernant qui sont inexactes ou incompl\u00e8tes ;<\/li>\n<li>conform\u00e9ment \u00e0 l&rsquo;article 17 du RGPD, d&rsquo;exiger la suppression des donn\u00e9es \u00e0 caract\u00e8re personnel vous concernant que nous avons enregistr\u00e9es, \u00e0 moins que le traitement ne soit n\u00e9cessaire \u00e0 l&rsquo;exercice du droit \u00e0 la libert\u00e9 d&rsquo;expression et d&rsquo;information, au respect d&rsquo;une obligation l\u00e9gale, pour des raisons d&rsquo;int\u00e9r\u00eat public ou pour faire valoir, exercer ou d\u00e9fendre des droits en justice ;<\/li>\n<li>d&rsquo;exiger, conform\u00e9ment \u00e0 l&rsquo;article 18 du RGPD, la limitation du traitement de vos donn\u00e9es \u00e0 caract\u00e8re personnel, dans la mesure o\u00f9 vous contestez l&rsquo;exactitude des donn\u00e9es, o\u00f9 le traitement est illicite mais que vous refusez leur suppression et que nous n&rsquo;avons plus besoin des donn\u00e9es, mais que vous en avez besoin pour faire valoir, exercer ou d\u00e9fendre des droits en justice ou que vous vous \u00eates oppos\u00e9 au traitement conform\u00e9ment \u00e0 l&rsquo;article 21 du RGPD ;<\/li>\n<li>conform\u00e9ment \u00e0 l&rsquo;article 20 du RGPD, de recevoir les donn\u00e9es \u00e0 caract\u00e8re personnel que vous nous avez fournies dans un format structur\u00e9, couramment utilis\u00e9 et lisible par machine, ou d&rsquo;exiger leur transmission \u00e0 un autre responsable ;<\/li>\n<li>conform\u00e9ment \u00e0 l&rsquo;art. 7 al. 3 RGPD, vous pouvez \u00e0 tout moment r\u00e9voquer le consentement que vous nous avez donn\u00e9. Cela a pour cons\u00e9quence que nous ne pouvons plus poursuivre \u00e0 l&rsquo;avenir le traitement des donn\u00e9es qui reposait sur ce consentement, et<\/li>\n<li>de d\u00e9poser une plainte aupr\u00e8s d&rsquo;une autorit\u00e9 de contr\u00f4le, conform\u00e9ment \u00e0 l&rsquo;article 77 du RGPD. En r\u00e8gle g\u00e9n\u00e9rale, vous pouvez vous adresser \u00e0 l&rsquo;autorit\u00e9 de surveillance de votre lieu de s\u00e9jour ou de travail habituel ou du si\u00e8ge de notre cabinet.<\/li>\n<\/ul>\n<p><strong> <\/strong><\/p>\n<h3><strong>8. droit d&rsquo;opposition<\/strong><\/h3>\n<p>Si vos donn\u00e9es personnelles sont collect\u00e9es sur la base d&rsquo;int\u00e9r\u00eats l\u00e9gitimes conform\u00e9ment \u00e0 l&rsquo;art. 6, al. 1 p. 1 lit. Conform\u00e9ment \u00e0 l&rsquo;article 21 du RGPD, vous avez le droit de vous opposer au traitement de vos donn\u00e9es personnelles pour des raisons li\u00e9es \u00e0 votre situation particuli\u00e8re ou si l&rsquo;opposition est dirig\u00e9e contre la publicit\u00e9 directe. Dans ce dernier cas, vous disposez d&rsquo;un droit d&rsquo;opposition g\u00e9n\u00e9ral que nous mettons en \u0153uvre sans indiquer de situation particuli\u00e8re.<\/p>\n<p>Si vous souhaitez faire usage de votre droit de r\u00e9tractation ou d&rsquo;opposition, il vous suffit d&rsquo;envoyer un courriel \u00e0 datenschutz@hoehler-partner.de.<\/p>\n<\/p>\n<h3><strong>9. s\u00e9curit\u00e9 des donn\u00e9es<\/strong><\/h3>\n<p>Lors de la visite du site, nous utilisons le proc\u00e9d\u00e9 SSL (Secure Socket Layer) en combinaison avec le niveau de cryptage le plus \u00e9lev\u00e9 support\u00e9 par votre navigateur. En r\u00e8gle g\u00e9n\u00e9rale, il s&rsquo;agit d&rsquo;un cryptage de 256 bits. Si votre navigateur ne prend pas en charge le cryptage 256 bits, nous utilisons \u00e0 la place la technologie 128 bits v3. Vous pouvez reconna\u00eetre si une page individuelle de notre site Internet est transmise de mani\u00e8re crypt\u00e9e \u00e0 la repr\u00e9sentation ferm\u00e9e du symbole de la cl\u00e9 ou du cadenas dans la barre d&rsquo;\u00e9tat inf\u00e9rieure de votre navigateur.  <\/p>\n<p>Nous utilisons par ailleurs des mesures de s\u00e9curit\u00e9 techniques et organisationnelles appropri\u00e9es pour prot\u00e9ger vos donn\u00e9es contre les manipulations accidentelles ou intentionnelles, la perte partielle ou totale, la destruction ou l&rsquo;acc\u00e8s non autoris\u00e9 par des tiers. Nos mesures de s\u00e9curit\u00e9 sont am\u00e9lior\u00e9es en permanence en fonction de l&rsquo;\u00e9volution technologique.<\/p>\n<\/p>\n<h3><strong>10) Actualit\u00e9 et modification de la pr\u00e9sente d\u00e9claration de confidentialit\u00e9<\/strong><\/h3>\n<p>La pr\u00e9sente d\u00e9claration de protection des donn\u00e9es est actuellement en vigueur et date de juin 2018.<\/p>\n<p>En raison du d\u00e9veloppement de notre site Internet et des offres qui y sont propos\u00e9es ou en raison de modifications des prescriptions l\u00e9gales ou administratives, il peut s&rsquo;av\u00e9rer n\u00e9cessaire de modifier la pr\u00e9sente d\u00e9claration de protection des donn\u00e9es. La d\u00e9claration de protection des donn\u00e9es en vigueur peut \u00eatre consult\u00e9e et imprim\u00e9e \u00e0 tout moment sur le site www.hoehler-partner.de\/datenschutz.<\/p>\n<\/div>\n<\/div>\n\t\t\t\t\t\t<\/div>\n\t\t\t\t<\/div>\n\t\t\t\t\t<\/div>\n\t\t\t\t<\/div>\n\t\t\t\t<\/div>\n\t\t","protected":false},"excerpt":{"rendered":"<p>D\u00e9claration de confidentialit\u00e9 H\u00f6hler+Partner attache une grande importance \u00e0 la protection de votre vie priv\u00e9e lorsque vous utilisez ce site Internet. Avec la d\u00e9claration de protection des donn\u00e9es ci-dessous, nous vous informons sur les donn\u00e9es personnelles collect\u00e9es lors de l&rsquo;utilisation de notre site Internet et sur la mani\u00e8re dont nous traitons, utilisons et prot\u00e9geons ces [&hellip;]<\/p>\n","protected":false},"author":1,"featured_media":0,"parent":0,"menu_order":0,"comment_status":"closed","ping_status":"closed","template":"","meta":{"footnotes":""},"class_list":["post-11465","page","type-page","status-publish","hentry"],"_links":{"self":[{"href":"https:\/\/hoehler-partner.de\/fr\/wp-json\/wp\/v2\/pages\/11465","targetHints":{"allow":["GET"]}}],"collection":[{"href":"https:\/\/hoehler-partner.de\/fr\/wp-json\/wp\/v2\/pages"}],"about":[{"href":"https:\/\/hoehler-partner.de\/fr\/wp-json\/wp\/v2\/types\/page"}],"author":[{"embeddable":true,"href":"https:\/\/hoehler-partner.de\/fr\/wp-json\/wp\/v2\/users\/1"}],"replies":[{"embeddable":true,"href":"https:\/\/hoehler-partner.de\/fr\/wp-json\/wp\/v2\/comments?post=11465"}],"version-history":[{"count":3,"href":"https:\/\/hoehler-partner.de\/fr\/wp-json\/wp\/v2\/pages\/11465\/revisions"}],"predecessor-version":[{"id":11468,"href":"https:\/\/hoehler-partner.de\/fr\/wp-json\/wp\/v2\/pages\/11465\/revisions\/11468"}],"wp:attachment":[{"href":"https:\/\/hoehler-partner.de\/fr\/wp-json\/wp\/v2\/media?parent=11465"}],"curies":[{"name":"wp","href":"https:\/\/api.w.org\/{rel}","templated":true}]}}